{"id":7258,"date":"2023-11-07T17:33:29","date_gmt":"2023-11-07T17:33:29","guid":{"rendered":"https:\/\/nemoceans.com\/index.php\/erklaerung-zur-barrierefreiheit\/"},"modified":"2024-01-04T11:21:21","modified_gmt":"2024-01-04T11:21:21","slug":"erklaerung-zur-barrierefreiheit","status":"publish","type":"page","link":"https:\/\/nemoceans.com\/de\/index.php\/erklaerung-zur-barrierefreiheit\/","title":{"rendered":"Erkl\u00e4rung zur Barrierefreiheit"},"content":{"rendered":"\t\t<div data-elementor-type=\"wp-page\" data-elementor-id=\"7258\" class=\"elementor elementor-7258 elementor-6220\" data-elementor-post-type=\"page\">\n\t\t\t\t<div class=\"elementor-element elementor-element-6a9443ee e-flex e-con-boxed e-con e-parent\" data-id=\"6a9443ee\" data-element_type=\"container\" data-e-type=\"container\" data-settings=\"{&quot;background_background&quot;:&quot;classic&quot;}\">\n\t\t\t\t\t<div class=\"e-con-inner\">\n\t\t\t\t<div class=\"elementor-element elementor-element-5b5495cc elementor-widget__width-initial elementor-widget elementor-widget-heading\" data-id=\"5b5495cc\" data-element_type=\"widget\" data-e-type=\"widget\" data-widget_type=\"heading.default\">\n\t\t\t\t\t<h1 class=\"elementor-heading-title elementor-size-default\">Barrierefreiheit f\u00fcr alle<\/h1>\t\t\t\t<\/div>\n\t\t\t\t<div class=\"elementor-element elementor-element-a3a5f34 elementor-widget elementor-widget-spacer\" data-id=\"a3a5f34\" data-element_type=\"widget\" data-e-type=\"widget\" data-widget_type=\"spacer.default\">\n\t\t\t\t\t\t\t<div class=\"elementor-spacer\">\n\t\t\t<div class=\"elementor-spacer-inner\"><\/div>\n\t\t<\/div>\n\t\t\t\t\t\t<\/div>\n\t\t<div class=\"elementor-element elementor-element-448a0946 e-con-full e-flex e-con e-child\" data-id=\"448a0946\" data-element_type=\"container\" data-e-type=\"container\">\n\t\t\t\t<div class=\"elementor-element elementor-element-101b9c5b elementor-widget elementor-widget-heading\" data-id=\"101b9c5b\" data-element_type=\"widget\" data-e-type=\"widget\" data-widget_type=\"heading.default\">\n\t\t\t\t\t<p class=\"elementor-heading-title elementor-size-default\">Mehr lesen<\/p>\t\t\t\t<\/div>\n\t\t\t\t<div class=\"elementor-element elementor-element-23535a9a e-transform elementor-view-default elementor-invisible elementor-widget elementor-widget-icon\" data-id=\"23535a9a\" data-element_type=\"widget\" data-e-type=\"widget\" data-settings=\"{&quot;_animation&quot;:&quot;fadeInDown&quot;,&quot;_transform_scale_effect_hover&quot;:{&quot;unit&quot;:&quot;px&quot;,&quot;size&quot;:&quot;1.1&quot;,&quot;sizes&quot;:[]},&quot;_transform_scale_effect_hover_tablet&quot;:{&quot;unit&quot;:&quot;px&quot;,&quot;size&quot;:&quot;&quot;,&quot;sizes&quot;:[]},&quot;_transform_scale_effect_hover_mobile&quot;:{&quot;unit&quot;:&quot;px&quot;,&quot;size&quot;:&quot;&quot;,&quot;sizes&quot;:[]}}\" data-widget_type=\"icon.default\">\n\t\t\t\t\t\t\t<div class=\"elementor-icon-wrapper\">\n\t\t\t<a class=\"elementor-icon\" href=\"#t&#038;c\">\n\t\t\t<svg xmlns=\"http:\/\/www.w3.org\/2000\/svg\" id=\"a\" width=\"14.7279\" height=\"29\" viewBox=\"0 0 14.7279 29\"><path d=\"M6.6569,28.7071c.3905,.3905,1.0237,.3905,1.4142,0l6.3639-6.364c.3906-.3905,.3906-1.0236,0-1.4142-.3905-.3905-1.0236-.3905-1.4142,0l-5.6568,5.6569L1.7071,20.9289c-.3905-.3905-1.0237-.3905-1.4142,0-.3905,.3906-.3905,1.0237,0,1.4142l6.364,6.364ZM6.364,0V28h2V0h-2Z\"><\/path><\/svg>\t\t\t<\/a>\n\t\t<\/div>\n\t\t\t\t\t\t<\/div>\n\t\t\t\t<\/div>\n\t\t\t\t\t<\/div>\n\t\t\t\t<\/div>\n\t\t<div class=\"elementor-element elementor-element-340f2fa e-flex e-con-boxed e-con e-parent\" data-id=\"340f2fa\" data-element_type=\"container\" data-e-type=\"container\" id=\"t&amp;c\">\n\t\t\t\t\t<div class=\"e-con-inner\">\n\t\t\t\t<div class=\"elementor-element elementor-element-facf538 elementor-widget elementor-widget-heading\" data-id=\"facf538\" data-element_type=\"widget\" data-e-type=\"widget\" data-widget_type=\"heading.default\">\n\t\t\t\t\t<h2 class=\"elementor-heading-title elementor-size-default\">Alles, was Sie wissen m\u00fcssen<\/h2>\t\t\t\t<\/div>\n\t\t\t\t<div class=\"elementor-element elementor-element-96a7cef elementor-widget elementor-widget-spacer\" data-id=\"96a7cef\" data-element_type=\"widget\" data-e-type=\"widget\" data-widget_type=\"spacer.default\">\n\t\t\t\t\t\t\t<div class=\"elementor-spacer\">\n\t\t\t<div class=\"elementor-spacer-inner\"><\/div>\n\t\t<\/div>\n\t\t\t\t\t\t<\/div>\n\t\t\t\t<div class=\"elementor-element elementor-element-da6cf3d elementor-widget elementor-widget-text-editor\" data-id=\"da6cf3d\" data-element_type=\"widget\" data-e-type=\"widget\" data-widget_type=\"text-editor.default\">\n\t\t\t\t\t\t\t\t\t<h1>Erkl\u00e4rung zur Barrierefreiheit f\u00fcr die Nemocean-Website<\/h1>\n<h2>Einleitung<\/h2>\n<p>Nemocean setzt sich daf\u00fcr ein, die digitale Zug\u00e4nglichkeit f\u00fcr Menschen mit Behinderungen zu gew\u00e4hrleisten. Wir verbessern kontinuierlich die Benutzererfahrung f\u00fcr alle und wenden die entsprechenden Standards f\u00fcr Barrierefreiheit an.<\/p><p><br><\/p>\n<h2>Funktionen zur Barrierefreiheit<\/h2>\n<ul>\n<li>\n<p><strong>Richtlinien f\u00fcr die Barrierefreiheit von Webinhalten (WCAG):<\/strong> Unser Ziel ist es, Level AA der WCAG 2.1 Barrierefreiheitsrichtlinien zu erf\u00fcllen. Diese Richtlinien sind weithin anerkannt und bieten eine solide Grundlage f\u00fcr barrierefreie Webinhalte.<\/p>\n<\/li>\n<li>\n<p><strong>Alternativtext:<\/strong> Wir stellen Alternativtexte f\u00fcr alle Nicht-Text-Inhalte wie Bilder und Multimedia zur Verf\u00fcgung.<\/p>\n<\/li>\n<li>\n<p><strong>Tastatur-Navigation:<\/strong> Unsere Website ist so konzipiert, dass sie vollst\u00e4ndig \u00fcber die Tastaturnavigation zug\u00e4nglich ist, was es Benutzern, die auf Tastatureingaben angewiesen sind, erleichtert.<\/p>\n<\/li>\n<li>\n<p><strong>Gr\u00f6\u00dfeneinstellung des Textes:<\/strong> Benutzer k\u00f6nnen die Textgr\u00f6\u00dfe \u00fcber ihre Browsereinstellungen anpassen, um die Lesbarkeit zu verbessern.<\/p>\n<\/li>\n<li>\n<p><strong>Modus mit hohem Kontrast:<\/strong> Unsere Website unterst\u00fctzt den Modus mit hohem Kontrast f\u00fcr Benutzer, die einen besseren Farbkontrast f\u00fcr eine bessere Lesbarkeit ben\u00f6tigen.<\/p>\n<\/li>\n<li>\n<p><strong>Strukturierte Inhalte:<\/strong> Wir stellen sicher, dass die Inhalte logisch strukturiert sind, so dass sie f\u00fcr Screenreader und unterst\u00fctzende Technologien leichter zu interpretieren sind.<\/p>\n<\/li>\n<\/ul><div><br><\/div>\n<h2>Laufende Bem\u00fchungen<\/h2>\n<p>Wir verpflichten uns, die Barrierefreiheit aufrechtzuerhalten und unsere Website regelm\u00e4\u00dfig zu \u00fcberpr\u00fcfen, um Probleme mit der Barrierefreiheit zu identifizieren und zu beheben. Zu unseren Bem\u00fchungen geh\u00f6ren:<\/p>\n<ul>\n<li>\n<p>Durchf\u00fchrung von Audits und Bewertungen der Barrierefreiheit unserer Website.<\/p>\n<\/li>\n<li>\n<p>Schulung unserer Mitarbeiter zu Best Practices f\u00fcr Barrierefreiheit, um barrierefreie Inhalte zu erstellen und zu pflegen.<\/p>\n<\/li>\n<li>\n<p>Einholung von Feedback von Benutzern mit Behinderungen, um die Zug\u00e4nglichkeit unserer Website zu verbessern.<\/p>\n<\/li>\n<\/ul><div><br><\/div>\n<h2>Kontakt<\/h2>\n<p>Wenn Sie auf Barrieren sto\u00dfen oder Feedback dazu haben, wie wir die Barrierefreiheit verbessern k\u00f6nnen, kontaktieren Sie uns bitte:<\/p>\n<ul>\n<li>\n<p><strong>E-Mail:<\/strong>&nbsp;<a href=\"mailto:%20help@nemoceans.com\" target=\"_blank\" style=\"font-family: var( --e-global-typography-8d959d4-font-family ), Sans-serif; font-style: var( --e-global-typography-8d959d4-font-style ); font-weight: var( --e-global-typography-8d959d4-font-weight ); letter-spacing: var( --e-global-typography-8d959d4-letter-spacing ); text-transform: var( --e-global-typography-8d959d4-text-transform ); word-spacing: var( --e-global-typography-8d959d4-word-spacing ); text-align: var(--text-align);\">info@nemoceans.com<\/a><\/p>\n<\/li>\n<li>\n<p><strong>Telefon:<\/strong> +34 604 86 69 39<\/p>\n<\/li>\n<li>\n<p><strong>Postanschrift:<\/strong> Panteon House, Palma de Mallorca, 07014 Espa<span style=\"color: var( --e-global-color-c6c7a3b ); font-family: var( --e-global-typography-8d959d4-font-family ), Sans-serif; font-size: var( --e-global-typography-8d959d4-font-size ); font-style: var( --e-global-typography-8d959d4-font-style ); font-weight: var( --e-global-typography-8d959d4-font-weight ); letter-spacing: var( --e-global-typography-8d959d4-letter-spacing ); text-transform: var( --e-global-typography-8d959d4-text-transform ); word-spacing: var( --e-global-typography-8d959d4-word-spacing ); text-align: var(--text-align); background-color: var( --e-global-color-c696dce );\">\u00f1a<\/span><\/p><\/li><\/ul>\n<h2>Aktualisierung der Erkl\u00e4rung zur Barrierefreiheit<\/h2>\n<p>Diese Erkl\u00e4rung zur Barrierefreiheit wurde zuletzt im November 2023 aktualisiert. Wir werden sie bei Bedarf \u00fcberpr\u00fcfen und aktualisieren, um sicherzustellen, dass sich unser kontinuierliches Engagement f\u00fcr Barrierefreiheit widerspiegelt.<\/p>\n<h2><br><\/h2><h2>Beachtung<\/h2>\n<p>Diese Website ist bestrebt, die Einhaltung der Web Content Accessibility Guidelines (WCAG) 2.1 Level AA des World Wide Web Consortium zu erreichen.<\/p>\t\t\t\t\t\t\t\t<\/div>\n\t\t\t\t\t<\/div>\n\t\t\t\t<\/div>\n\t\t\t\t<\/div>\n\t\t","protected":false},"excerpt":{"rendered":"<p>Barrierefreiheit f\u00fcr alle Mehr lesen Alles, was Sie wissen m\u00fcssen Erkl\u00e4rung zur Barrierefreiheit f\u00fcr die Nemocean-Website Einleitung Nemocean setzt sich daf\u00fcr ein, die digitale Zug\u00e4nglichkeit f\u00fcr Menschen mit Behinderungen zu gew\u00e4hrleisten. Wir verbessern kontinuierlich die Benutzererfahrung f\u00fcr alle und wenden die entsprechenden Standards f\u00fcr Barrierefreiheit an. Funktionen zur Barrierefreiheit Richtlinien f\u00fcr die Barrierefreiheit von Webinhalten [&hellip;]<\/p>\n","protected":false},"author":990012,"featured_media":0,"parent":0,"menu_order":0,"comment_status":"closed","ping_status":"closed","template":"elementor_header_footer","meta":{"footnotes":""},"class_list":["post-7258","page","type-page","status-publish","hentry"],"_links":{"self":[{"href":"https:\/\/nemoceans.com\/de\/index.php\/wp-json\/wp\/v2\/pages\/7258","targetHints":{"allow":["GET"]}}],"collection":[{"href":"https:\/\/nemoceans.com\/de\/index.php\/wp-json\/wp\/v2\/pages"}],"about":[{"href":"https:\/\/nemoceans.com\/de\/index.php\/wp-json\/wp\/v2\/types\/page"}],"author":[{"embeddable":true,"href":"https:\/\/nemoceans.com\/de\/index.php\/wp-json\/wp\/v2\/users\/990012"}],"replies":[{"embeddable":true,"href":"https:\/\/nemoceans.com\/de\/index.php\/wp-json\/wp\/v2\/comments?post=7258"}],"version-history":[{"count":0,"href":"https:\/\/nemoceans.com\/de\/index.php\/wp-json\/wp\/v2\/pages\/7258\/revisions"}],"wp:attachment":[{"href":"https:\/\/nemoceans.com\/de\/index.php\/wp-json\/wp\/v2\/media?parent=7258"}],"curies":[{"name":"wp","href":"https:\/\/api.w.org\/{rel}","templated":true}]}}