{"id":7263,"date":"2023-12-30T12:45:39","date_gmt":"2023-12-30T12:45:39","guid":{"rendered":"https:\/\/nemoceans.com\/index.php\/sitemap\/"},"modified":"2024-01-04T11:23:22","modified_gmt":"2024-01-04T11:23:22","slug":"sitemap","status":"publish","type":"page","link":"https:\/\/nemoceans.com\/de\/index.php\/sitemap\/","title":{"rendered":"Sitemap"},"content":{"rendered":"\t\t<div data-elementor-type=\"wp-page\" data-elementor-id=\"7263\" class=\"elementor elementor-7263 elementor-7115\" data-elementor-post-type=\"page\">\n\t\t\t\t<div class=\"elementor-element elementor-element-c979a05 e-flex e-con-boxed e-con e-parent\" data-id=\"c979a05\" data-element_type=\"container\" data-e-type=\"container\">\n\t\t\t\t\t<div class=\"e-con-inner\">\n\t\t\t\t<div class=\"elementor-element elementor-element-5cddeab elementor-widget elementor-widget-sitemap\" data-id=\"5cddeab\" data-element_type=\"widget\" data-e-type=\"widget\" data-widget_type=\"sitemap.default\">\n\t\t\t\t\t<div class=\"elementor-sitemap-wrap\"><div class=\"elementor-sitemap-section\"><h2 class=\"elementor-sitemap-title elementor-sitemap-page-title\">Pages<\/h2><ul class=\"elementor-sitemap-list elementor-sitemap-page-list\"><li class=\"elementor-sitemap-item elementor-sitemap-item-page page_item page-item-8841\"><a href=\"https:\/\/nemoceans.com\/de\/index.php\/fotos-und-videos\/\">Fotos und Videos<\/a><\/li><li class=\"elementor-sitemap-item elementor-sitemap-item-page page_item page-item-7263\"><a href=\"https:\/\/nemoceans.com\/de\/index.php\/sitemap\/\">Sitemap<\/a><\/li><li class=\"elementor-sitemap-item elementor-sitemap-item-page page_item page-item-7258\"><a href=\"https:\/\/nemoceans.com\/de\/index.php\/erklaerung-zur-barrierefreiheit\/\">Erkl\u00e4rung zur Barrierefreiheit<\/a><\/li><li class=\"elementor-sitemap-item elementor-sitemap-item-page page_item page-item-9746\"><a href=\"https:\/\/nemoceans.com\/de\/index.php\/datenschutzerklaerung\/\">Datenschutzerkl\u00e4rung<\/a><\/li><li class=\"elementor-sitemap-item elementor-sitemap-item-page page_item page-item-6372\"><a href=\"https:\/\/nemoceans.com\/de\/index.php\/nachrichten\/\">News<\/a><\/li><li class=\"elementor-sitemap-item elementor-sitemap-item-page page_item page-item-6368\"><a href=\"https:\/\/nemoceans.com\/de\/index.php\/faqs\/\">FAQ&#8217;s<\/a><\/li><li class=\"elementor-sitemap-item elementor-sitemap-item-page page_item page-item-6360\"><a href=\"https:\/\/nemoceans.com\/de\/index.php\/leistungen\/\">Leistungen<\/a><\/li><li class=\"elementor-sitemap-item elementor-sitemap-item-page page_item page-item-6366\"><a href=\"https:\/\/nemoceans.com\/de\/index.php\/ueber-uns\/\">\u00dcber uns<\/a><\/li><li class=\"elementor-sitemap-item elementor-sitemap-item-page page_item page-item-6637\"><a href=\"https:\/\/nemoceans.com\/de\/index.php\/sent-form-danke-fuer-ihre-kontaktaufnahme\/\">Vielen Dank f\u00fcr Ihre Kontaktaufnahme<\/a><\/li><li class=\"elementor-sitemap-item elementor-sitemap-item-page page_item page-item-6251\"><a href=\"https:\/\/nemoceans.com\/de\/\">Startseite<\/a><\/li><li class=\"elementor-sitemap-item elementor-sitemap-item-page page_item page-item-6370\"><a href=\"https:\/\/nemoceans.com\/de\/index.php\/kontakt\/\">Kontakt<\/a><\/li><\/ul><\/div><div class=\"elementor-sitemap-section\"><h2 class=\"elementor-sitemap-title elementor-sitemap-category-title\">Categories<\/h2><ul class=\"elementor-sitemap-list elementor-sitemap-category-list\">\t<li class=\"elementor-sitemap-item elementor-sitemap-item-category cat-item cat-item-54\"><a href=\"https:\/\/nemoceans.com\/de\/index.php\/category\/nemocean-de\/\">Nemocean<\/a>\n<\/li>\n\t<li class=\"elementor-sitemap-item elementor-sitemap-item-category cat-item cat-item-174\"><a href=\"https:\/\/nemoceans.com\/de\/index.php\/category\/medien-de\/\">Medien<\/a>\n<\/li>\n\t<li class=\"elementor-sitemap-item elementor-sitemap-item-category cat-item cat-item-172\"><a href=\"https:\/\/nemoceans.com\/de\/index.php\/category\/kooperationen-de\/\">Kooperationen<\/a>\n<\/li>\n\t<li class=\"elementor-sitemap-item elementor-sitemap-item-category cat-item cat-item-178\"><a href=\"https:\/\/nemoceans.com\/de\/index.php\/category\/entdecken\/\">Entdecken<\/a>\n<\/li>\n<\/ul><\/div><div class=\"elementor-sitemap-section\"><h2 class=\"elementor-sitemap-title elementor-sitemap-post-title\">Beitr\u00e4ge<\/h2><ul class=\"elementor-sitemap-list elementor-sitemap-post-list\"><li class=\"elementor-sitemap-item elementor-sitemap-item-post page_item page-item-10651\"><a href=\"https:\/\/nemoceans.com\/de\/index.php\/transport-einer-urne-nach-spanien-per-flugzeug-was-sie-wissen-sollten\/\">Transport einer Urne nach Spanien per Flugzeug: Was Sie wissen sollten<\/a><\/li><li class=\"elementor-sitemap-item elementor-sitemap-item-post page_item page-item-10033\"><a href=\"https:\/\/nemoceans.com\/de\/index.php\/beruehmte-persoenlichkeiten-von-denen-sie-nicht-wussten-dass-sie-auf-see-bestattet-wurden-band-1\/\">Ber\u00fchmte Pers\u00f6nlichkeiten, von denen Sie nicht wussten, dass sie auf See bestattet wurden \u2013 Band 1<\/a><\/li><li class=\"elementor-sitemap-item elementor-sitemap-item-post page_item page-item-9973\"><a href=\"https:\/\/nemoceans.com\/de\/index.php\/die-geschichte-von-seebestattungen\/\">Die Geschichte von Seebestattungen<\/a><\/li><li class=\"elementor-sitemap-item elementor-sitemap-item-post page_item page-item-8985\"><a href=\"https:\/\/nemoceans.com\/de\/index.php\/partner-westend-bestattungen-berlin\/\">Partner &#8222;Westend Bestattungen&#8220; aus Berlin<\/a><\/li><li class=\"elementor-sitemap-item elementor-sitemap-item-post page_item page-item-8920\"><a href=\"https:\/\/nemoceans.com\/de\/index.php\/partner-bentzien-brocksiepe-aus-luenen-und-dortmund\/\">Partner &#8222;Bentzien &#038; Brocksiepe&#8220; aus L\u00fcnen und Dortmund<\/a><\/li><li class=\"elementor-sitemap-item elementor-sitemap-item-post page_item page-item-7836\"><a href=\"https:\/\/nemoceans.com\/de\/index.php\/partner-kl-bestattungen-aus-berlin\/\">Partner &#8222;KL-Bestattungen&#8220; aus Berlin<\/a><\/li><li class=\"elementor-sitemap-item elementor-sitemap-item-post page_item page-item-7813\"><a href=\"https:\/\/nemoceans.com\/de\/index.php\/kooperation-mit-in-memoria-bestattungen\/\">Partner &#8222;In Memoria Bestattungen&#8220; aus der Schweiz<\/a><\/li><li class=\"elementor-sitemap-item elementor-sitemap-item-post page_item page-item-7711\"><a href=\"https:\/\/nemoceans.com\/de\/index.php\/partner-luctum-aus-der-schweiz\/\">Partner &#8222;Luctum&#8220; aus der Schweiz<\/a><\/li><li class=\"elementor-sitemap-item elementor-sitemap-item-post page_item page-item-7693\"><a href=\"https:\/\/nemoceans.com\/de\/index.php\/partner-bestattungen-nisio-aus-der-schweiz\/\">Partner &#8222;Bestattungen Nisio&#8220; aus der Schweiz<\/a><\/li><li class=\"elementor-sitemap-item elementor-sitemap-item-post page_item page-item-7669\"><a href=\"https:\/\/nemoceans.com\/de\/index.php\/partner-bestattungsinstitut-rea-aus-der-schweiz\/\">Partner &#8222;Bestattungsinstitut Rea&#8220; aus der Schweiz<\/a><\/li><li class=\"elementor-sitemap-item elementor-sitemap-item-post page_item page-item-7544\"><a href=\"https:\/\/nemoceans.com\/de\/index.php\/deutsches-konsulat-partnerschaft-fur-seebestattungen-auf-mallorca\/\">Deutsches Konsulat: Partner f\u00fcr Seebestattungen auf Mallorca<\/a><\/li><li class=\"elementor-sitemap-item elementor-sitemap-item-post page_item page-item-7506\"><a href=\"https:\/\/nemoceans.com\/de\/index.php\/koop-partner-muenchner-pietaet\/\">Partner &#8222;M\u00fcnchner Piet\u00e4t&#8220;<\/a><\/li><li class=\"elementor-sitemap-item elementor-sitemap-item-post page_item page-item-7488\"><a href=\"https:\/\/nemoceans.com\/de\/index.php\/sonnige-neujahresgruesse-von-der-kueste-mallorcas\/\">Sonnige Neujahresgr\u00fc\u00dfe von der K\u00fcste Mallorcas<\/a><\/li><li class=\"elementor-sitemap-item elementor-sitemap-item-post page_item page-item-7601\"><a href=\"https:\/\/nemoceans.com\/de\/index.php\/anna-hausser-von-nemocean-erzaehlt-ihre-geschichte\/\">Anna Hausser von Nemocean erz\u00e4hlt ihre Geschichte<\/a><\/li><li class=\"elementor-sitemap-item elementor-sitemap-item-post page_item page-item-6864\"><a href=\"https:\/\/nemoceans.com\/de\/index.php\/mallorca-zeitung-premium-service-fuer-bedeutungsvolle-seebestattungen\/\">Mallorca Zeitung: Premium Service f\u00fcr bedeutungsvolle Seebestattungen<\/a><\/li><li class=\"elementor-sitemap-item elementor-sitemap-item-post page_item page-item-7540\"><a href=\"https:\/\/nemoceans.com\/de\/index.php\/nemocean-in-der-jubilaeumsausgabe-des-bestatter-magazins\/\">Nemocean in der Jubil\u00e4umsausgabe des Bestatter Magazins<\/a><\/li><li class=\"elementor-sitemap-item elementor-sitemap-item-post page_item page-item-6098\"><a href=\"https:\/\/nemoceans.com\/de\/index.php\/mallorca-daily-bulletin\/\">Mallorca Daily Bulletin<\/a><\/li><li class=\"elementor-sitemap-item elementor-sitemap-item-post page_item page-item-6855\"><a href=\"https:\/\/nemoceans.com\/de\/index.php\/evangelische-gemeinschaft-mallorca-kooperiert-bei-seebestattungen-mit-nemocean\/\">Evangelische Gemeinschaft Mallorca kooperiert bei Seebestattungen mit Nemocean<\/a><\/li><li class=\"elementor-sitemap-item elementor-sitemap-item-post page_item page-item-6870\"><a href=\"https:\/\/nemoceans.com\/de\/index.php\/nemocean-auf-dem-befa-forum-hamburg-neuer-kurs-bei-seebestattungen-und-kooperations-partnerschaften-fuer-bestatter\/\">Nemocean auf dem BEFA FORUM Hamburg: Neuer Kurs bei Seebestattungen und Kooperations-Partnerschaften f\u00fcr Bestatter<\/a><\/li><\/ul><\/div><\/div>\t\t\t\t<\/div>\n\t\t\t\t\t<\/div>\n\t\t\t\t<\/div>\n\t\t\t\t<\/div>\n\t\t","protected":false},"excerpt":{"rendered":"","protected":false},"author":990012,"featured_media":0,"parent":0,"menu_order":0,"comment_status":"closed","ping_status":"closed","template":"","meta":{"footnotes":""},"class_list":["post-7263","page","type-page","status-publish","hentry"],"_links":{"self":[{"href":"https:\/\/nemoceans.com\/de\/index.php\/wp-json\/wp\/v2\/pages\/7263","targetHints":{"allow":["GET"]}}],"collection":[{"href":"https:\/\/nemoceans.com\/de\/index.php\/wp-json\/wp\/v2\/pages"}],"about":[{"href":"https:\/\/nemoceans.com\/de\/index.php\/wp-json\/wp\/v2\/types\/page"}],"author":[{"embeddable":true,"href":"https:\/\/nemoceans.com\/de\/index.php\/wp-json\/wp\/v2\/users\/990012"}],"replies":[{"embeddable":true,"href":"https:\/\/nemoceans.com\/de\/index.php\/wp-json\/wp\/v2\/comments?post=7263"}],"version-history":[{"count":0,"href":"https:\/\/nemoceans.com\/de\/index.php\/wp-json\/wp\/v2\/pages\/7263\/revisions"}],"wp:attachment":[{"href":"https:\/\/nemoceans.com\/de\/index.php\/wp-json\/wp\/v2\/media?parent=7263"}],"curies":[{"name":"wp","href":"https:\/\/api.w.org\/{rel}","templated":true}]}}