{"id":9746,"date":"2023-11-07T15:43:47","date_gmt":"2023-11-07T15:43:47","guid":{"rendered":"https:\/\/nemoceans.com\/index.php\/datenschutzerklaerung\/"},"modified":"2025-04-08T22:59:24","modified_gmt":"2025-04-08T22:59:24","slug":"datenschutzerklaerung","status":"publish","type":"page","link":"https:\/\/nemoceans.com\/de\/index.php\/datenschutzerklaerung\/","title":{"rendered":"Datenschutzerkl\u00e4rung"},"content":{"rendered":"\t\t<div data-elementor-type=\"wp-page\" data-elementor-id=\"9746\" class=\"elementor elementor-9746 elementor-6117\" data-elementor-post-type=\"page\">\n\t\t\t\t<div class=\"elementor-element elementor-element-6a9443ee e-flex e-con-boxed e-con e-parent\" data-id=\"6a9443ee\" data-element_type=\"container\" data-e-type=\"container\" data-settings=\"{&quot;background_background&quot;:&quot;classic&quot;}\">\n\t\t\t\t\t<div class=\"e-con-inner\">\n\t\t\t\t<div class=\"elementor-element elementor-element-5b5495cc elementor-widget__width-initial elementor-widget elementor-widget-heading\" data-id=\"5b5495cc\" data-element_type=\"widget\" data-e-type=\"widget\" data-widget_type=\"heading.default\">\n\t\t\t\t\t<h1 class=\"elementor-heading-title elementor-size-default\">Datenschutzerkl\u00e4rung <\/h1>\t\t\t\t<\/div>\n\t\t\t\t<div class=\"elementor-element elementor-element-a3a5f34 elementor-widget elementor-widget-spacer\" data-id=\"a3a5f34\" data-element_type=\"widget\" data-e-type=\"widget\" data-widget_type=\"spacer.default\">\n\t\t\t\t\t\t\t<div class=\"elementor-spacer\">\n\t\t\t<div class=\"elementor-spacer-inner\"><\/div>\n\t\t<\/div>\n\t\t\t\t\t\t<\/div>\n\t\t<div class=\"elementor-element elementor-element-448a0946 e-con-full e-flex e-con e-child\" data-id=\"448a0946\" data-element_type=\"container\" data-e-type=\"container\">\n\t\t\t\t<div class=\"elementor-element elementor-element-101b9c5b elementor-widget elementor-widget-heading\" data-id=\"101b9c5b\" data-element_type=\"widget\" data-e-type=\"widget\" data-widget_type=\"heading.default\">\n\t\t\t\t\t<p class=\"elementor-heading-title elementor-size-default\">start now<\/p>\t\t\t\t<\/div>\n\t\t\t\t<div class=\"elementor-element elementor-element-23535a9a e-transform elementor-view-default elementor-invisible elementor-widget elementor-widget-icon\" data-id=\"23535a9a\" data-element_type=\"widget\" data-e-type=\"widget\" data-settings=\"{&quot;_animation&quot;:&quot;fadeInDown&quot;,&quot;_transform_scale_effect_hover&quot;:{&quot;unit&quot;:&quot;px&quot;,&quot;size&quot;:&quot;1.1&quot;,&quot;sizes&quot;:[]},&quot;_transform_scale_effect_hover_tablet&quot;:{&quot;unit&quot;:&quot;px&quot;,&quot;size&quot;:&quot;&quot;,&quot;sizes&quot;:[]},&quot;_transform_scale_effect_hover_mobile&quot;:{&quot;unit&quot;:&quot;px&quot;,&quot;size&quot;:&quot;&quot;,&quot;sizes&quot;:[]}}\" data-widget_type=\"icon.default\">\n\t\t\t\t\t\t\t<div class=\"elementor-icon-wrapper\">\n\t\t\t<a class=\"elementor-icon\" href=\"#t&#038;c\">\n\t\t\t<svg xmlns=\"http:\/\/www.w3.org\/2000\/svg\" id=\"a\" width=\"14.7279\" height=\"29\" viewBox=\"0 0 14.7279 29\"><path d=\"M6.6569,28.7071c.3905,.3905,1.0237,.3905,1.4142,0l6.3639-6.364c.3906-.3905,.3906-1.0236,0-1.4142-.3905-.3905-1.0236-.3905-1.4142,0l-5.6568,5.6569L1.7071,20.9289c-.3905-.3905-1.0237-.3905-1.4142,0-.3905,.3906-.3905,1.0237,0,1.4142l6.364,6.364ZM6.364,0V28h2V0h-2Z\"><\/path><\/svg>\t\t\t<\/a>\n\t\t<\/div>\n\t\t\t\t\t\t<\/div>\n\t\t\t\t<\/div>\n\t\t\t\t\t<\/div>\n\t\t\t\t<\/div>\n\t\t<div class=\"elementor-element elementor-element-340f2fa e-flex e-con-boxed e-con e-parent\" data-id=\"340f2fa\" data-element_type=\"container\" data-e-type=\"container\" id=\"t&amp;c\">\n\t\t\t\t\t<div class=\"e-con-inner\">\n\t\t\t\t<div class=\"elementor-element elementor-element-cd31034 elementor-widget elementor-widget-heading\" data-id=\"cd31034\" data-element_type=\"widget\" data-e-type=\"widget\" data-widget_type=\"heading.default\">\n\t\t\t\t\t<h2 class=\"elementor-heading-title elementor-size-default\">Alles, was Sie wissen m\u00fcssen<\/h2>\t\t\t\t<\/div>\n\t\t\t\t<div class=\"elementor-element elementor-element-25ec8a5 elementor-widget elementor-widget-spacer\" data-id=\"25ec8a5\" data-element_type=\"widget\" data-e-type=\"widget\" data-widget_type=\"spacer.default\">\n\t\t\t\t\t\t\t<div class=\"elementor-spacer\">\n\t\t\t<div class=\"elementor-spacer-inner\"><\/div>\n\t\t<\/div>\n\t\t\t\t\t\t<\/div>\n\t\t\t\t<div class=\"elementor-element elementor-element-3e1de74 elementor-widget elementor-widget-text-editor\" data-id=\"3e1de74\" data-element_type=\"widget\" data-e-type=\"widget\" data-widget_type=\"text-editor.default\">\n\t\t\t\t\t\t\t\t\t<p><strong>Zuletzt aktualisiert am 30. M\u00e4rz 2025<br><\/strong><strong>G\u00fcltig ab dem 30. M\u00e4rz 2025<\/strong><\/p><p>Danke f\u00fcr Ihren Besuch auf nemoceans.com<\/p><p>Diese Datenschutzerkl\u00e4rung beschreibt die Richtlinien von Nemocean Memoria SL, Panteon House, Carrer Joan Maria Thom\u00e0s, 2, 1\u00ba, Illes Balears 07014, Spanien, E-Mail: info@nemoceans.com, Telefon: +34 604 866 939, bez\u00fcglich der Erhebung, Nutzung und Offenlegung Ihrer Daten, die wir erfassen, wenn Sie unsere Website (https:\/\/nemoceans.com) nutzen (der \u201eDienst\u201c). Durch den Zugriff auf den Dienst oder dessen Nutzung stimmen Sie der Erhebung, Nutzung und Offenlegung Ihrer Daten gem\u00e4\u00df dieser Datenschutzerkl\u00e4rung zu. Wenn Sie dem nicht zustimmen, greifen Sie bitte nicht auf den Dienst zu und nutzen Sie ihn nicht.  <\/p><p>Wir k\u00f6nnen diese Datenschutzerkl\u00e4rung jederzeit ohne vorherige Ank\u00fcndigung \u00e4ndern und werden die \u00fcberarbeitete Datenschutzerkl\u00e4rung im Dienst ver\u00f6ffentlichen. Die \u00fcberarbeitete Richtlinie tritt 180 Tage nach der Ver\u00f6ffentlichung im Dienst in Kraft. Ihre fortgesetzte Nutzung des Dienstes nach diesem Zeitpunkt gilt als Zustimmung zur \u00fcberarbeiteten Datenschutzerkl\u00e4rung. Wir empfehlen daher, diese Seite regelm\u00e4\u00dfig zu \u00fcberpr\u00fcfen.  <\/p><p><strong>VON UNS ERFASSTE INFORMATIONEN:<\/strong><\/p><p>Wir erheben und verarbeiten folgende personenbezogene Daten von Ihnen:<br>Name<br>E-Mail-Adresse<br>Mobilnummer<\/p><p><strong>WIE WIR IHRE INFORMATIONEN VERWENDEN:<\/strong><\/p><p>Wir verwenden die von uns \u00fcber Sie erfassten Informationen f\u00fcr folgende Zwecke:<br>Marketing \/ Werbung<br>Administrative Informationen<br>Zielgerichtete Werbung<\/p><p>Wenn wir Ihre Informationen f\u00fcr andere Zwecke verwenden m\u00f6chten, werden wir Sie um Ihre Zustimmung bitten und Ihre Informationen nur nach Ihrer Einwilligung und ausschlie\u00dflich f\u00fcr den\/die Zweck(e) verwenden, denen Sie zugestimmt haben, es sei denn, wir sind gesetzlich dazu verpflichtet.<\/p><p><strong>WIE WIR IHRE INFORMATIONEN WEITERGEBEN:<\/strong><\/p><p>Wir geben Ihre personenbezogenen Daten nicht an Dritte weiter, ohne Ihre Zustimmung einzuholen, au\u00dfer in folgenden F\u00e4llen:<br>Werbedienste<br>Analysedienste<br>Datenerhebung und -verarbeitung<\/p><p>Wir verlangen von solchen Dritten, dass sie die \u00fcbermittelten personenbezogenen Daten nur f\u00fcr den Zweck verwenden, f\u00fcr den sie \u00fcbermittelt wurden, und sie nicht l\u00e4nger aufbewahren, als es zur Erf\u00fcllung dieses Zwecks erforderlich ist.<\/p><p>Wir k\u00f6nnen Ihre personenbezogenen Daten auch in folgenden F\u00e4llen offenlegen: (1) zur Einhaltung geltender Gesetze, Vorschriften, Gerichtsbeschl\u00fcsse oder anderer rechtlicher Verfahren; (2) zur Durchsetzung Ihrer Vereinbarungen mit uns, einschlie\u00dflich dieser Datenschutzerkl\u00e4rung; oder (3) zur Reaktion auf Anspr\u00fcche, dass Ihre Nutzung des Dienstes Rechte Dritter verletzt. Sollte der Dienst oder unser Unternehmen mit einem anderen Unternehmen fusionieren oder \u00fcbernommen werden, werden Ihre Informationen zu den \u00fcbertragbaren Verm\u00f6genswerten geh\u00f6ren. <\/p><p><strong>AUFBEWAHRUNG IHRER DATEN:<\/strong><\/p><p>Wir bewahren Ihre personenbezogenen Daten 90 Tage bis 2 Jahre nach Beendigung Ihres Kontos auf oder so lange, wie es zur Erf\u00fcllung der in dieser Datenschutzerkl\u00e4rung genannten Zwecke erforderlich ist. Bestimmte Informationen m\u00fcssen wir m\u00f6glicherweise l\u00e4nger aufbewahren, z.\u202fB. f\u00fcr Aufzeichnungs- oder Berichtszwecke gem\u00e4\u00df geltendem Recht oder aus anderen legitimen Gr\u00fcnden wie der Durchsetzung rechtlicher Anspr\u00fcche oder der Betrugspr\u00e4vention. Anonyme Restdaten und aggregierte Daten, die Sie nicht (weder direkt noch indirekt) identifizieren, k\u00f6nnen auf unbestimmte Zeit gespeichert werden.  <\/p><p><strong>IHRE RECHTE:<\/strong><\/p><p>Je nach geltendem Recht haben Sie m\u00f6glicherweise das Recht auf Zugang, Berichtigung oder L\u00f6schung Ihrer personenbezogenen Daten, das Recht auf eine Kopie Ihrer Daten, das Recht, der aktiven Verarbeitung zu widersprechen oder diese einzuschr\u00e4nken, das Recht auf Daten\u00fcbertragbarkeit, das Recht, eine Einwilligung zu widerrufen, und das Recht, bei einer Aufsichtsbeh\u00f6rde Beschwerde einzureichen. Um diese Rechte auszu\u00fcben, schreiben Sie bitte an info@nemoceans.com. Wir werden Ihre Anfrage im Einklang mit geltendem Recht bearbeiten.  <\/p><p>Bitte beachten Sie, dass Sie m\u00f6glicherweise nicht auf bestimmte Dienste zugreifen oder diese nutzen k\u00f6nnen, wenn Sie uns die Erhebung oder Verarbeitung der erforderlichen personenbezogenen Daten nicht gestatten oder Ihre Einwilligung widerrufen.<\/p>\t\t\t\t\t\t\t\t<\/div>\n\t\t\t\t<div class=\"elementor-element elementor-element-6a885f0 elementor-widget elementor-widget-n-accordion\" data-id=\"6a885f0\" data-element_type=\"widget\" data-e-type=\"widget\" data-settings=\"{&quot;default_state&quot;:&quot;all_collapsed&quot;,&quot;max_items_expended&quot;:&quot;one&quot;,&quot;n_accordion_animation_duration&quot;:{&quot;unit&quot;:&quot;ms&quot;,&quot;size&quot;:400,&quot;sizes&quot;:[]}}\" data-widget_type=\"nested-accordion.default\">\n\t\t\t\t\t\t\t<div class=\"e-n-accordion\" aria-label=\"Accordion. Open links with Enter or Space, close with Escape, and navigate with Arrow Keys\">\n\t\t\t\t\t\t<details id=\"e-n-accordion-item-1110\" class=\"e-n-accordion-item\" >\n\t\t\t\t<summary class=\"e-n-accordion-item-title\" data-accordion-index=\"1\" tabindex=\"0\" aria-expanded=\"false\" aria-controls=\"e-n-accordion-item-1110\" >\n\t\t\t\t\t<span class='e-n-accordion-item-title-header'><div class=\"e-n-accordion-item-title-text\"> COOKIE-RICHTLINIE <\/div><\/span>\n\t\t\t\t\t\t\t<span class='e-n-accordion-item-title-icon'>\n\t\t\t<span class='e-opened' ><svg aria-hidden=\"true\" class=\"e-font-icon-svg e-fas-minus\" viewBox=\"0 0 448 512\" xmlns=\"http:\/\/www.w3.org\/2000\/svg\"><path d=\"M416 208H32c-17.67 0-32 14.33-32 32v32c0 17.67 14.33 32 32 32h384c17.67 0 32-14.33 32-32v-32c0-17.67-14.33-32-32-32z\"><\/path><\/svg><\/span>\n\t\t\t<span class='e-closed'><svg aria-hidden=\"true\" class=\"e-font-icon-svg e-fas-plus\" viewBox=\"0 0 448 512\" xmlns=\"http:\/\/www.w3.org\/2000\/svg\"><path d=\"M416 208H272V64c0-17.67-14.33-32-32-32h-32c-17.67 0-32 14.33-32 32v144H32c-17.67 0-32 14.33-32 32v32c0 17.67 14.33 32 32 32h144v144c0 17.67 14.33 32 32 32h32c17.67 0 32-14.33 32-32V304h144c17.67 0 32-14.33 32-32v-32c0-17.67-14.33-32-32-32z\"><\/path><\/svg><\/span>\n\t\t<\/span>\n\n\t\t\t\t\t\t<\/summary>\n\t\t\t\t<div role=\"region\" aria-labelledby=\"e-n-accordion-item-1110\" class=\"elementor-element elementor-element-cc98d04 e-con-full e-flex e-con e-child\" data-id=\"cc98d04\" data-element_type=\"container\" data-e-type=\"container\">\n\t\t\t\t<div class=\"elementor-element elementor-element-e3793c7 elementor-widget elementor-widget-text-editor\" data-id=\"e3793c7\" data-element_type=\"widget\" data-e-type=\"widget\" data-widget_type=\"text-editor.default\">\n\t\t\t\t\t\t\t\t\t<h5><strong>Was sind Cookies?<\/strong><\/h5><div class=\"cookie-policy-p\"><p>Diese Cookie-Richtlinie erkl\u00e4rt, was Cookies sind, wie wir sie verwenden, welche Arten von Cookies wir verwenden, d. h. die Informationen, die wir mithilfe von Cookies sammeln, wie diese Informationen verwendet werden und wie Sie die Cookie-Einstellungen verwalten k\u00f6nnen.<\/p><p>Cookies sind kleine Textdateien, die verwendet werden, um kleine Informationsmengen zu speichern. Sie werden auf Ihrem Ger\u00e4t gespeichert, wenn die Website in Ihrem Browser geladen wird. Diese Cookies helfen uns, die Website ordnungsgem\u00e4\u00df funktionieren zu lassen, sie sicherer zu machen, eine bessere Benutzererfahrung zu bieten und zu verstehen, wie die Website funktioniert, sowie zu analysieren, was gut funktioniert und wo Verbesserungen n\u00f6tig sind.  <\/p><\/div><p> <\/p><h5><strong>Wie verwenden wir Cookies?<\/strong><\/h5><div class=\"cookie-policy-p\"><p>Wie die meisten Online-Dienste verwendet auch unsere Website sowohl First-Party- als auch Third-Party-Cookies f\u00fcr verschiedene Zwecke. First-Party-Cookies sind haupts\u00e4chlich notwendig, damit die Website ordnungsgem\u00e4\u00df funktioniert, und sie sammeln keine personenbezogenen Daten von Ihnen. <\/p><p>Die auf unserer Website verwendeten Third-Party-Cookies dienen haupts\u00e4chlich dazu, zu verstehen, wie die Website funktioniert, wie Sie mit unserer Website interagieren, unsere Dienste sicher zu halten, Ihnen relevante Werbung anzuzeigen und Ihnen insgesamt eine bessere und verbesserte Benutzererfahrung zu bieten sowie Ihre zuk\u00fcnftigen Interaktionen mit unserer Website zu beschleunigen.<\/p><\/div><div class=\"cky-audit-table-element\"> <\/div><h5><strong>Cookie-Einstellungen verwalten<\/strong><\/h5><div><p>Sie k\u00f6nnen Ihre Cookie-Einstellungen jederzeit \u00e4ndern, indem Sie auf den Cookie-Button unten links klicken. Dadurch k\u00f6nnen Sie das Cookie-Zustimmungsbanner erneut aufrufen und Ihre Einstellungen \u00e4ndern oder Ihre Zustimmung sofort widerrufen. <\/p><p>Zus\u00e4tzlich bieten verschiedene Browser unterschiedliche Methoden zum Blockieren und L\u00f6schen von Cookies, die von Websites verwendet werden. Sie k\u00f6nnen die Einstellungen Ihres Browsers \u00e4ndern, um Cookies zu blockieren oder zu l\u00f6schen. Nachfolgend finden Sie Links zu den Support-Dokumenten, wie Sie Cookies in den g\u00e4ngigsten Webbrowsern verwalten und l\u00f6schen k\u00f6nnen:  <\/p><p>Chrome: <a href=\"https:\/\/support.google.com\/accounts\/answer\/32050\" target=\"_blank\" rel=\"noopener\">https:\/\/support.google.com\/accounts\/answer\/32050<\/a><\/p><p>Safari: <a href=\"https:\/\/support.apple.com\/en-in\/guide\/safari\/sfri11471\/mac\" target=\"_blank\" rel=\"noopener\">https:\/\/support.apple.com\/en-in\/guide\/safari\/sfri11471\/mac<\/a><\/p><p>Firefox: <a href=\"https:\/\/support.mozilla.org\/en-US\/kb\/clear-cookies-and-site-data-firefox?redirectslug=delete-cookies-remove-info-websites-stored&amp;redirectlocale=en-US\" target=\"_blank\" rel=\"noopener\">https:\/\/support.mozilla.org\/en-US\/kb\/clear-cookies-and-site-data-firefox?redirectslug=delete-cookies-remove-info-websites-stored&amp;redirectlocale=en-US<\/a><\/p><p>Internet Explorer: <a href=\"https:\/\/support.microsoft.com\/en-us\/topic\/how-to-delete-cookie-files-in-internet-explorer-bca9446f-d873-78de-77ba-d42645fa52fc\" target=\"_blank\" rel=\"noopener\">https:\/\/support.microsoft.com\/en-us\/topic\/how-to-delete-cookie-files-in-internet-explorer-bca9446f-d873-78de-77ba-d42645fa52fc<\/a><\/p><p>Wenn Sie einen anderen Webbrowser verwenden, besuchen Sie bitte die offiziellen Support-Dokumente Ihres Browsers.<\/p><\/div>\t\t\t\t\t\t\t\t<\/div>\n\t\t\t\t<\/div>\n\t\t\t\t\t<\/details>\n\t\t\t\t\t<\/div>\n\t\t\t\t\t\t<\/div>\n\t\t\t\t<div class=\"elementor-element elementor-element-3953c7d elementor-widget elementor-widget-text-editor\" data-id=\"3953c7d\" data-element_type=\"widget\" data-e-type=\"widget\" data-widget_type=\"text-editor.default\">\n\t\t\t\t\t\t\t\t\t<p><strong>SICHERHEIT:<\/strong><\/p><p>Die Sicherheit Ihrer Daten ist uns wichtig und wir ergreifen angemessene Sicherheitsma\u00dfnahmen, um den Verlust, Missbrauch oder die unbefugte \u00c4nderung Ihrer Daten unter unserer Kontrolle zu verhindern. Aufgrund inh\u00e4renter Risiken k\u00f6nnen wir jedoch keine absolute Sicherheit garantieren. Eine \u00dcbertragung Ihrer Daten an uns erfolgt daher auf Ihr eigenes Risiko. <\/p><p><strong>LINKS ZU DRITTEN &amp; NUTZUNG IHRER DATEN:<\/strong><\/p><p>Unser Dienst kann Links zu anderen Websites enthalten, die nicht von uns betrieben werden. Diese Datenschutzerkl\u00e4rung gilt nicht f\u00fcr die Datenschutzpraktiken anderer Dritter, einschlie\u00dflich derer, die eine verlinkte Website oder einen Dienst betreiben. Wir empfehlen Ihnen dringend, die Datenschutzerkl\u00e4rung jeder von Ihnen besuchten Website zu \u00fcberpr\u00fcfen. Wir haben keine Kontrolle \u00fcber und \u00fcbernehmen keine Verantwortung f\u00fcr Inhalte, Datenschutzrichtlinien oder Praktiken Dritter.   <\/p><p><strong>BESCHWERDEN \/ DATENSCHUTZBEAUFTRAGTER:<\/strong><\/p><p>Wenn Sie Fragen oder Bedenken zur Verarbeitung Ihrer Daten haben, k\u00f6nnen Sie sich per E-Mail an unseren Datenschutzbeauftragten wenden: Nemocean Memoria SL, Panteon House, Carrer Joan Maria Thom\u00e0s, 2, 1\u00ba, 07014 Palma de Mallorca, E-Mail:<a href=\"mailto:info@nemoceans.com\"> info@nemoceans.com<\/a>. Wir werden Ihre Anliegen gem\u00e4\u00df geltendem Recht bearbeiten. <\/p>\t\t\t\t\t\t\t\t<\/div>\n\t\t\t\t\t<\/div>\n\t\t\t\t<\/div>\n\t\t\t\t<\/div>\n\t\t","protected":false},"excerpt":{"rendered":"<p>Datenschutzerkl\u00e4rung start now Alles, was Sie wissen m\u00fcssen Zuletzt aktualisiert am 30. M\u00e4rz 2025G\u00fcltig ab dem 30. M\u00e4rz 2025 Danke f\u00fcr Ihren Besuch auf nemoceans.com Diese Datenschutzerkl\u00e4rung beschreibt die Richtlinien von Nemocean Memoria SL, Panteon House, Carrer Joan Maria Thom\u00e0s, 2, 1\u00ba, Illes Balears 07014, Spanien, E-Mail: info@nemoceans.com, Telefon: +34 604 866 939, bez\u00fcglich der [&hellip;]<\/p>\n","protected":false},"author":990012,"featured_media":0,"parent":0,"menu_order":0,"comment_status":"closed","ping_status":"closed","template":"elementor_header_footer","meta":{"footnotes":""},"class_list":["post-9746","page","type-page","status-publish","hentry"],"_links":{"self":[{"href":"https:\/\/nemoceans.com\/de\/index.php\/wp-json\/wp\/v2\/pages\/9746","targetHints":{"allow":["GET"]}}],"collection":[{"href":"https:\/\/nemoceans.com\/de\/index.php\/wp-json\/wp\/v2\/pages"}],"about":[{"href":"https:\/\/nemoceans.com\/de\/index.php\/wp-json\/wp\/v2\/types\/page"}],"author":[{"embeddable":true,"href":"https:\/\/nemoceans.com\/de\/index.php\/wp-json\/wp\/v2\/users\/990012"}],"replies":[{"embeddable":true,"href":"https:\/\/nemoceans.com\/de\/index.php\/wp-json\/wp\/v2\/comments?post=9746"}],"version-history":[{"count":0,"href":"https:\/\/nemoceans.com\/de\/index.php\/wp-json\/wp\/v2\/pages\/9746\/revisions"}],"wp:attachment":[{"href":"https:\/\/nemoceans.com\/de\/index.php\/wp-json\/wp\/v2\/media?parent=9746"}],"curies":[{"name":"wp","href":"https:\/\/api.w.org\/{rel}","templated":true}]}}