{"id":7261,"date":"2023-12-30T12:45:39","date_gmt":"2023-12-30T12:45:39","guid":{"rendered":"https:\/\/nemoceans.com\/index.php\/mapa-del-sitio\/"},"modified":"2024-01-04T11:22:59","modified_gmt":"2024-01-04T11:22:59","slug":"mapa-del-sitio","status":"publish","type":"page","link":"https:\/\/nemoceans.com\/es\/index.php\/mapa-del-sitio\/","title":{"rendered":"Mapa del sitio"},"content":{"rendered":"\t\t<div data-elementor-type=\"wp-page\" data-elementor-id=\"7261\" class=\"elementor elementor-7261 elementor-7115\" data-elementor-post-type=\"page\">\n\t\t\t\t<div class=\"elementor-element elementor-element-c979a05 e-flex e-con-boxed e-con e-parent\" data-id=\"c979a05\" data-element_type=\"container\" data-e-type=\"container\">\n\t\t\t\t\t<div class=\"e-con-inner\">\n\t\t\t\t<div class=\"elementor-element elementor-element-5cddeab elementor-widget elementor-widget-sitemap\" data-id=\"5cddeab\" data-element_type=\"widget\" data-e-type=\"widget\" data-widget_type=\"sitemap.default\">\n\t\t\t\t\t<div class=\"elementor-sitemap-wrap\"><div class=\"elementor-sitemap-section\"><h2 class=\"elementor-sitemap-title elementor-sitemap-page-title\">Pages<\/h2><ul class=\"elementor-sitemap-list elementor-sitemap-page-list\"><li class=\"elementor-sitemap-item elementor-sitemap-item-page page_item page-item-8845\"><a href=\"https:\/\/nemoceans.com\/es\/index.php\/fotos-y-videos\/\">Fotos y Videos<\/a><\/li><li class=\"elementor-sitemap-item elementor-sitemap-item-page page_item page-item-7261\"><a href=\"https:\/\/nemoceans.com\/es\/index.php\/mapa-del-sitio\/\">Mapa del sitio<\/a><\/li><li class=\"elementor-sitemap-item elementor-sitemap-item-page page_item page-item-9737\"><a href=\"https:\/\/nemoceans.com\/es\/index.php\/politica-de-privacidad\/\">Pol\u00edtica de Privacidad<\/a><\/li><li class=\"elementor-sitemap-item elementor-sitemap-item-page page_item page-item-6659\"><a href=\"https:\/\/nemoceans.com\/es\/index.php\/noticia\/\">Novedades<\/a><\/li><li class=\"elementor-sitemap-item elementor-sitemap-item-page page_item page-item-6652\"><a href=\"https:\/\/nemoceans.com\/es\/index.php\/preguntas-frecuentes\/\">PREGUNTAS FRECUENTES<\/a><\/li><li class=\"elementor-sitemap-item elementor-sitemap-item-page page_item page-item-6663\"><a href=\"https:\/\/nemoceans.com\/es\/index.php\/servicios\/\">Servicios<\/a><\/li><li class=\"elementor-sitemap-item elementor-sitemap-item-page page_item page-item-6689\"><a href=\"https:\/\/nemoceans.com\/es\/index.php\/sobre-nosotros\/\">Sobre nosotros<\/a><\/li><li class=\"elementor-sitemap-item elementor-sitemap-item-page page_item page-item-6644\"><a href=\"https:\/\/nemoceans.com\/es\/index.php\/sent-form-gracias-por-ponerse-en-contacto-con-nosotros\/\">Gracias por ponerse en contacto con nosotros<\/a><\/li><li class=\"elementor-sitemap-item elementor-sitemap-item-page page_item page-item-6656\"><a href=\"https:\/\/nemoceans.com\/es\/\">Inicio<\/a><\/li><li class=\"elementor-sitemap-item elementor-sitemap-item-page page_item page-item-6648\"><a href=\"https:\/\/nemoceans.com\/es\/index.php\/contacto\/\">Contacto<\/a><\/li><\/ul><\/div><div class=\"elementor-sitemap-section\"><h2 class=\"elementor-sitemap-title elementor-sitemap-category-title\">Categories<\/h2><ul class=\"elementor-sitemap-list elementor-sitemap-category-list\">\t<li class=\"elementor-sitemap-item elementor-sitemap-item-category cat-item cat-item-175\"><a href=\"https:\/\/nemoceans.com\/es\/index.php\/category\/prensa-es\/\">Prensa<\/a>\n<\/li>\n\t<li class=\"elementor-sitemap-item elementor-sitemap-item-category cat-item cat-item-56\"><a href=\"https:\/\/nemoceans.com\/es\/index.php\/category\/nemocean-es\/\">Nemocean<\/a>\n<\/li>\n\t<li class=\"elementor-sitemap-item elementor-sitemap-item-category cat-item cat-item-179\"><a href=\"https:\/\/nemoceans.com\/es\/index.php\/category\/descubre\/\">Descubre<\/a>\n<\/li>\n\t<li class=\"elementor-sitemap-item elementor-sitemap-item-category cat-item cat-item-173\"><a href=\"https:\/\/nemoceans.com\/es\/index.php\/category\/colaboraciones-es\/\">Colaboraciones<\/a>\n<\/li>\n<\/ul><\/div><div class=\"elementor-sitemap-section\"><h2 class=\"elementor-sitemap-title elementor-sitemap-post-title\">Entradas<\/h2><ul class=\"elementor-sitemap-list elementor-sitemap-post-list\"><li class=\"elementor-sitemap-item elementor-sitemap-item-post page_item page-item-6834\"><a href=\"https:\/\/nemoceans.com\/es\/index.php\/innovacion-en-mallorca-funerales-maritimos-de-primera-calidad-en-el-mediterraneo\/\">Innovaci\u00f3n en Mallorca &#8211; Funerales Mar\u00edtimos de Primera Calidad en el Mediterr\u00e1neo<\/a><\/li><li class=\"elementor-sitemap-item elementor-sitemap-item-post page_item page-item-10660\"><a href=\"https:\/\/nemoceans.com\/es\/index.php\/transportar-una-urna-a-espana-en-avion\/\">Transportar una Urna con Cenizas a Espa\u00f1a en Avi\u00f3n: lo que Debe Saber<\/a><\/li><li class=\"elementor-sitemap-item elementor-sitemap-item-post page_item page-item-10031\"><a href=\"https:\/\/nemoceans.com\/es\/index.php\/beruhmte-personlichkeiten-von-denen-sie-nicht-wussten-dass-sie-auf-see-bestattet-wurden-band-1\/\">Personas Famosas que no Sab\u00edas que Fueron Enterradas en el Mar \u2013 Vol. 1<\/a><\/li><li class=\"elementor-sitemap-item elementor-sitemap-item-post page_item page-item-9974\"><a href=\"https:\/\/nemoceans.com\/es\/index.php\/la-historia-de-los-entierros-en-el-mar\/\">La Historia de los Entierros en el Mar<\/a><\/li><li class=\"elementor-sitemap-item elementor-sitemap-item-post page_item page-item-7712\"><a href=\"https:\/\/nemoceans.com\/es\/index.php\/funeraria-suiza-colaboradora-luctum\/\">Colaboradora Funeraria \u00abLuctum\u00bb de Suiza<\/a><\/li><li class=\"elementor-sitemap-item elementor-sitemap-item-post page_item page-item-7694\"><a href=\"https:\/\/nemoceans.com\/es\/index.php\/funeraria-colaboradora-nisio-de-suiza\/\">Colaboradora Funeraria \u00abNisio\u00bb de Suiza<\/a><\/li><li class=\"elementor-sitemap-item elementor-sitemap-item-post page_item page-item-7673\"><a href=\"https:\/\/nemoceans.com\/es\/index.php\/colaborador-bestattungsinstitut-rea-de-suiza\/\">Colaborador \u00abBestattungsinstitut Rea\u00bb de Suiza<\/a><\/li><li class=\"elementor-sitemap-item elementor-sitemap-item-post page_item page-item-7495\"><a href=\"https:\/\/nemoceans.com\/es\/index.php\/soleado-ano-nuevo-desde-la-costa-de-mallorca\/\">Soleado A\u00f1o Nuevo Desde la Costa de Mallorca<\/a><\/li><li class=\"elementor-sitemap-item elementor-sitemap-item-post page_item page-item-7605\"><a href=\"https:\/\/nemoceans.com\/es\/index.php\/anna-hausser-de-nemocean-nos-cuenta-su-historia\/\">Anna Hausser, de Nemocean, nos Cuenta su Historia<\/a><\/li><li class=\"elementor-sitemap-item elementor-sitemap-item-post page_item page-item-6847\"><a href=\"https:\/\/nemoceans.com\/es\/index.php\/mallorca-zeitung-opcion-premium-para-ceremonias-especiales-en-el-mar\/\">Mallorca Zeitung: Opci\u00f3n Premium para Ceremonias Especiales en el Mar<\/a><\/li><li class=\"elementor-sitemap-item elementor-sitemap-item-post page_item page-item-6845\"><a href=\"https:\/\/nemoceans.com\/es\/index.php\/algunas-de-las-mejores-funerarias-con-las-que-trabajamos\/\">Algunas de las Mejores Funerarias con las que Trabajamos<\/a><\/li><li class=\"elementor-sitemap-item elementor-sitemap-item-post page_item page-item-6831\"><a href=\"https:\/\/nemoceans.com\/es\/index.php\/nemocean-en-la-edicion-de-aniversario-de-bestatter-magazin\/\">Nemocean en la Edici\u00f3n de Aniversario de \u201cBestatter Magazin\u201d<\/a><\/li><li class=\"elementor-sitemap-item elementor-sitemap-item-post page_item page-item-6825\"><a href=\"https:\/\/nemoceans.com\/es\/index.php\/la-comunidad-evangelica-defiende-los-funerales-maritimos\/\">La Comunidad Evang\u00e9lica Defiende los Funerales Mar\u00edtimos<\/a><\/li><li class=\"elementor-sitemap-item elementor-sitemap-item-post page_item page-item-6821\"><a href=\"https:\/\/nemoceans.com\/es\/index.php\/nemocean-en-el-foro-befa-de-hamburgo-una-nueva-forma-de-funerales-en-el-mar-y-forjar-alianzas\/\">Nemocean en el BEFA FORUM de Hamburgo: Funerales Mar\u00edtimos Distintos y Forjando Alianzas<\/a><\/li><li class=\"elementor-sitemap-item elementor-sitemap-item-post page_item page-item-6823\"><a href=\"https:\/\/nemoceans.com\/es\/index.php\/explore-nuestra-nueva-ola-de-innovacion\/\">Explore Nuestra Nueva Ola de Innovaci\u00f3n<\/a><\/li><li class=\"elementor-sitemap-item elementor-sitemap-item-post page_item page-item-6849\"><a href=\"https:\/\/nemoceans.com\/es\/index.php\/funerales-maritimos-en-el-mediterraneo-para-ciudadanos-britanicos\/\">Funerales Mar\u00edtimos en el Mediterr\u00e1neo para Ciudadanos Brit\u00e1nicos<\/a><\/li><\/ul><\/div><\/div>\t\t\t\t<\/div>\n\t\t\t\t\t<\/div>\n\t\t\t\t<\/div>\n\t\t\t\t<\/div>\n\t\t","protected":false},"excerpt":{"rendered":"","protected":false},"author":990012,"featured_media":0,"parent":0,"menu_order":0,"comment_status":"closed","ping_status":"closed","template":"","meta":{"footnotes":""},"class_list":["post-7261","page","type-page","status-publish","hentry"],"_links":{"self":[{"href":"https:\/\/nemoceans.com\/es\/index.php\/wp-json\/wp\/v2\/pages\/7261","targetHints":{"allow":["GET"]}}],"collection":[{"href":"https:\/\/nemoceans.com\/es\/index.php\/wp-json\/wp\/v2\/pages"}],"about":[{"href":"https:\/\/nemoceans.com\/es\/index.php\/wp-json\/wp\/v2\/types\/page"}],"author":[{"embeddable":true,"href":"https:\/\/nemoceans.com\/es\/index.php\/wp-json\/wp\/v2\/users\/990012"}],"replies":[{"embeddable":true,"href":"https:\/\/nemoceans.com\/es\/index.php\/wp-json\/wp\/v2\/comments?post=7261"}],"version-history":[{"count":0,"href":"https:\/\/nemoceans.com\/es\/index.php\/wp-json\/wp\/v2\/pages\/7261\/revisions"}],"wp:attachment":[{"href":"https:\/\/nemoceans.com\/es\/index.php\/wp-json\/wp\/v2\/media?parent=7261"}],"curies":[{"name":"wp","href":"https:\/\/api.w.org\/{rel}","templated":true}]}}