{"id":9737,"date":"2023-11-07T15:43:47","date_gmt":"2023-11-07T15:43:47","guid":{"rendered":"https:\/\/nemoceans.com\/index.php\/politica-de-privacidad\/"},"modified":"2025-04-08T22:24:56","modified_gmt":"2025-04-08T22:24:56","slug":"politica-de-privacidad","status":"publish","type":"page","link":"https:\/\/nemoceans.com\/es\/index.php\/politica-de-privacidad\/","title":{"rendered":"Pol\u00edtica de Privacidad"},"content":{"rendered":"\t\t<div data-elementor-type=\"wp-page\" data-elementor-id=\"9737\" class=\"elementor elementor-9737 elementor-6117\" data-elementor-post-type=\"page\">\n\t\t\t\t<div class=\"elementor-element elementor-element-6a9443ee e-flex e-con-boxed e-con e-parent\" data-id=\"6a9443ee\" data-element_type=\"container\" data-e-type=\"container\" data-settings=\"{&quot;background_background&quot;:&quot;classic&quot;}\">\n\t\t\t\t\t<div class=\"e-con-inner\">\n\t\t\t\t<div class=\"elementor-element elementor-element-5b5495cc elementor-widget__width-initial elementor-widget elementor-widget-heading\" data-id=\"5b5495cc\" data-element_type=\"widget\" data-e-type=\"widget\" data-widget_type=\"heading.default\">\n\t\t\t\t\t<h1 class=\"elementor-heading-title elementor-size-default\">Nuestra Pol\u00edtica de Privacidad <\/h1>\t\t\t\t<\/div>\n\t\t\t\t<div class=\"elementor-element elementor-element-a3a5f34 elementor-widget elementor-widget-spacer\" data-id=\"a3a5f34\" data-element_type=\"widget\" data-e-type=\"widget\" data-widget_type=\"spacer.default\">\n\t\t\t\t\t\t\t<div class=\"elementor-spacer\">\n\t\t\t<div class=\"elementor-spacer-inner\"><\/div>\n\t\t<\/div>\n\t\t\t\t\t\t<\/div>\n\t\t<div class=\"elementor-element elementor-element-448a0946 e-con-full e-flex e-con e-child\" data-id=\"448a0946\" data-element_type=\"container\" data-e-type=\"container\">\n\t\t\t\t<div class=\"elementor-element elementor-element-101b9c5b elementor-widget elementor-widget-heading\" data-id=\"101b9c5b\" data-element_type=\"widget\" data-e-type=\"widget\" data-widget_type=\"heading.default\">\n\t\t\t\t\t<p class=\"elementor-heading-title elementor-size-default\">comenzar<\/p>\t\t\t\t<\/div>\n\t\t\t\t<div class=\"elementor-element elementor-element-23535a9a e-transform elementor-view-default elementor-invisible elementor-widget elementor-widget-icon\" data-id=\"23535a9a\" data-element_type=\"widget\" data-e-type=\"widget\" data-settings=\"{&quot;_animation&quot;:&quot;fadeInDown&quot;,&quot;_transform_scale_effect_hover&quot;:{&quot;unit&quot;:&quot;px&quot;,&quot;size&quot;:&quot;1.1&quot;,&quot;sizes&quot;:[]},&quot;_transform_scale_effect_hover_tablet&quot;:{&quot;unit&quot;:&quot;px&quot;,&quot;size&quot;:&quot;&quot;,&quot;sizes&quot;:[]},&quot;_transform_scale_effect_hover_mobile&quot;:{&quot;unit&quot;:&quot;px&quot;,&quot;size&quot;:&quot;&quot;,&quot;sizes&quot;:[]}}\" data-widget_type=\"icon.default\">\n\t\t\t\t\t\t\t<div class=\"elementor-icon-wrapper\">\n\t\t\t<a class=\"elementor-icon\" href=\"#t&#038;c\">\n\t\t\t<svg xmlns=\"http:\/\/www.w3.org\/2000\/svg\" id=\"a\" width=\"14.7279\" height=\"29\" viewBox=\"0 0 14.7279 29\"><path d=\"M6.6569,28.7071c.3905,.3905,1.0237,.3905,1.4142,0l6.3639-6.364c.3906-.3905,.3906-1.0236,0-1.4142-.3905-.3905-1.0236-.3905-1.4142,0l-5.6568,5.6569L1.7071,20.9289c-.3905-.3905-1.0237-.3905-1.4142,0-.3905,.3906-.3905,1.0237,0,1.4142l6.364,6.364ZM6.364,0V28h2V0h-2Z\"><\/path><\/svg>\t\t\t<\/a>\n\t\t<\/div>\n\t\t\t\t\t\t<\/div>\n\t\t\t\t<\/div>\n\t\t\t\t\t<\/div>\n\t\t\t\t<\/div>\n\t\t<div class=\"elementor-element elementor-element-340f2fa e-flex e-con-boxed e-con e-parent\" data-id=\"340f2fa\" data-element_type=\"container\" data-e-type=\"container\" id=\"t&amp;c\">\n\t\t\t\t\t<div class=\"e-con-inner\">\n\t\t\t\t<div class=\"elementor-element elementor-element-cd31034 elementor-widget elementor-widget-heading\" data-id=\"cd31034\" data-element_type=\"widget\" data-e-type=\"widget\" data-widget_type=\"heading.default\">\n\t\t\t\t\t<h2 class=\"elementor-heading-title elementor-size-default\">Todo lo que necesita saber<\/h2>\t\t\t\t<\/div>\n\t\t\t\t<div class=\"elementor-element elementor-element-25ec8a5 elementor-widget elementor-widget-spacer\" data-id=\"25ec8a5\" data-element_type=\"widget\" data-e-type=\"widget\" data-widget_type=\"spacer.default\">\n\t\t\t\t\t\t\t<div class=\"elementor-spacer\">\n\t\t\t<div class=\"elementor-spacer-inner\"><\/div>\n\t\t<\/div>\n\t\t\t\t\t\t<\/div>\n\t\t\t\t<div class=\"elementor-element elementor-element-3e1de74 elementor-widget elementor-widget-text-editor\" data-id=\"3e1de74\" data-element_type=\"widget\" data-e-type=\"widget\" data-widget_type=\"text-editor.default\">\n\t\t\t\t\t\t\t\t\t<p><strong>\u00daltima actualizaci\u00f3n: 30 de Marzo de 2025<\/strong><br><strong>Toma efecto desde: 30 de Marzo de 2025<\/strong><\/p><p>Gracias por visitar nemoceans.com<\/p><p>Esta Pol\u00edtica de Privacidad describe las pol\u00edticas de Nemocean Memoria SL, con domicilio en Panteon House, Carrer Joan Maria Thom\u00e0s, 2, 1\u00ba, Illes Balears 07014, Espa\u00f1a, correo electr\u00f3nico: info@nemoceans.com, tel\u00e9fono: +34 604 866 939, sobre la recopilaci\u00f3n, uso y divulgaci\u00f3n de su informaci\u00f3n cuando utiliza nuestro sitio web (https:\/\/nemoceans.com) (el \u201cServicio\u201d). Al acceder o utilizar el Servicio, usted acepta la recopilaci\u00f3n, el uso y la divulgaci\u00f3n de su informaci\u00f3n de acuerdo con esta Pol\u00edtica de Privacidad. Si no est\u00e1 de acuerdo, por favor no acceda ni utilice el Servicio.  <\/p><p>Podemos modificar esta Pol\u00edtica de Privacidad en cualquier momento sin previo aviso, y publicaremos la versi\u00f3n revisada en el Servicio. La pol\u00edtica revisada entrar\u00e1 en vigor 180 d\u00edas despu\u00e9s de su publicaci\u00f3n en el Servicio, y el acceso o uso continuo del Servicio despu\u00e9s de ese tiempo constituir\u00e1 su aceptaci\u00f3n de la nueva Pol\u00edtica de Privacidad. Por ello, le recomendamos revisar esta p\u00e1gina peri\u00f3dicamente.  <\/p><p><strong>INFORMACI\u00d3N QUE RECOPILAMOS:<\/strong><\/p><p>Recopilaremos y procesaremos la siguiente informaci\u00f3n personal sobre usted:<br> Nombre<br> Correo electr\u00f3nico<br> Tel\u00e9fono m\u00f3vil<\/p><p><strong>C\u00d3MO USAMOS SU INFORMACI\u00d3N:<\/strong><\/p><p>Usaremos la informaci\u00f3n que recopilamos sobre usted para los siguientes fines:<br> Marketing \/ Promociones<br> Informaci\u00f3n administrativa<br> Publicidad dirigida<\/p><p>Si deseamos utilizar su informaci\u00f3n para cualquier otro prop\u00f3sito, le solicitaremos su consentimiento, y solo la utilizaremos despu\u00e9s de haberlo recibido y \u00fanicamente para el(los) fin(es) para los que se otorg\u00f3 dicho consentimiento, a menos que la ley nos exija actuar de otra forma.<\/p><p><strong>COMO COMPARTIMOS SU INFORMACI\u00d3N:<\/strong><\/p><p>No transferiremos su informaci\u00f3n personal a terceros sin su consentimiento, salvo en las circunstancias limitadas que se describen a continuaci\u00f3n:<br> Servicios de publicidad<br> Servicios de anal\u00edtica<br> Recopilaci\u00f3n y procesamiento de datos<\/p><p>Requerimos que dichos terceros usen la informaci\u00f3n personal \u00fanicamente para los fines para los que se les transfiri\u00f3 y que no la retengan por m\u00e1s tiempo del necesario.<\/p><p>Tambi\u00e9n podemos divulgar su informaci\u00f3n personal en los siguientes casos: (1) para cumplir con la ley, reglamento, orden judicial u otro proceso legal; (2) para hacer cumplir nuestros acuerdos con usted, incluida esta Pol\u00edtica de Privacidad; o (3) para responder a reclamaciones de que su uso del Servicio viola derechos de terceros. Si el Servicio o nuestra empresa es fusionada o adquirida por otra entidad, su informaci\u00f3n ser\u00e1 uno de los activos transferidos al nuevo propietario. <\/p><p><strong>CONSERVACI\u00d3N DE SU INFORMACI\u00d3N:<\/strong><\/p><p>Conservaremos su informaci\u00f3n personal durante un periodo de 90 d\u00edas a 2 a\u00f1os tras la cancelaci\u00f3n de su cuenta, o mientras sea necesario para cumplir con los fines para los que fue recopilada, seg\u00fan lo establecido en esta Pol\u00edtica. Podr\u00edamos necesitar conservar cierta informaci\u00f3n durante per\u00edodos m\u00e1s largos para cumplir con obligaciones legales o por motivos leg\u00edtimos como la defensa de derechos legales, prevenci\u00f3n del fraude, etc. Informaci\u00f3n residual an\u00f3nima o agregada, que no lo identifique directa ni indirectamente, puede conservarse indefinidamente.  <\/p><p><strong>SUS DERECHOS:<\/strong><\/p><p>Dependiendo de la legislaci\u00f3n aplicable, usted puede tener derecho a acceder, rectificar o eliminar su informaci\u00f3n personal, recibir una copia de sus datos, restringir u oponerse al tratamiento activo de sus datos, solicitar la portabilidad de su informaci\u00f3n a otra entidad, retirar cualquier consentimiento otorgado y presentar una queja ante la autoridad competente, entre otros derechos. Para ejercer estos derechos, puede escribirnos a info@nemoceans.com. Responderemos de acuerdo con la legislaci\u00f3n vigente.  <\/p><p>Tenga en cuenta que si no nos permite recopilar o procesar la informaci\u00f3n personal necesaria, o retira su consentimiento para los fines requeridos, es posible que no pueda acceder o utilizar los servicios para los que se necesitaba su informaci\u00f3n.<\/p>\t\t\t\t\t\t\t\t<\/div>\n\t\t\t\t<div class=\"elementor-element elementor-element-6a885f0 elementor-widget elementor-widget-n-accordion\" data-id=\"6a885f0\" data-element_type=\"widget\" data-e-type=\"widget\" data-settings=\"{&quot;default_state&quot;:&quot;all_collapsed&quot;,&quot;max_items_expended&quot;:&quot;one&quot;,&quot;n_accordion_animation_duration&quot;:{&quot;unit&quot;:&quot;ms&quot;,&quot;size&quot;:400,&quot;sizes&quot;:[]}}\" data-widget_type=\"nested-accordion.default\">\n\t\t\t\t\t\t\t<div class=\"e-n-accordion\" aria-label=\"Accordion. Open links with Enter or Space, close with Escape, and navigate with Arrow Keys\">\n\t\t\t\t\t\t<details id=\"e-n-accordion-item-1110\" class=\"e-n-accordion-item\" >\n\t\t\t\t<summary class=\"e-n-accordion-item-title\" data-accordion-index=\"1\" tabindex=\"0\" aria-expanded=\"false\" aria-controls=\"e-n-accordion-item-1110\" >\n\t\t\t\t\t<span class='e-n-accordion-item-title-header'><div class=\"e-n-accordion-item-title-text\"> POL\u00cdTICA DE COOKIES <\/div><\/span>\n\t\t\t\t\t\t\t<span class='e-n-accordion-item-title-icon'>\n\t\t\t<span class='e-opened' ><svg aria-hidden=\"true\" class=\"e-font-icon-svg e-fas-minus\" viewBox=\"0 0 448 512\" xmlns=\"http:\/\/www.w3.org\/2000\/svg\"><path d=\"M416 208H32c-17.67 0-32 14.33-32 32v32c0 17.67 14.33 32 32 32h384c17.67 0 32-14.33 32-32v-32c0-17.67-14.33-32-32-32z\"><\/path><\/svg><\/span>\n\t\t\t<span class='e-closed'><svg aria-hidden=\"true\" class=\"e-font-icon-svg e-fas-plus\" viewBox=\"0 0 448 512\" xmlns=\"http:\/\/www.w3.org\/2000\/svg\"><path d=\"M416 208H272V64c0-17.67-14.33-32-32-32h-32c-17.67 0-32 14.33-32 32v144H32c-17.67 0-32 14.33-32 32v32c0 17.67 14.33 32 32 32h144v144c0 17.67 14.33 32 32 32h32c17.67 0 32-14.33 32-32V304h144c17.67 0 32-14.33 32-32v-32c0-17.67-14.33-32-32-32z\"><\/path><\/svg><\/span>\n\t\t<\/span>\n\n\t\t\t\t\t\t<\/summary>\n\t\t\t\t<div role=\"region\" aria-labelledby=\"e-n-accordion-item-1110\" class=\"elementor-element elementor-element-cc98d04 e-con-full e-flex e-con e-child\" data-id=\"cc98d04\" data-element_type=\"container\" data-e-type=\"container\">\n\t\t\t\t<div class=\"elementor-element elementor-element-e3793c7 elementor-widget elementor-widget-text-editor\" data-id=\"e3793c7\" data-element_type=\"widget\" data-e-type=\"widget\" data-widget_type=\"text-editor.default\">\n\t\t\t\t\t\t\t\t\t<h5><strong>\u00bfQu\u00e9 son las cookies?<\/strong><\/h5><div class=\"cookie-policy-p\"><p>Esta Pol\u00edtica de Cookies explica qu\u00e9 son las cookies y c\u00f3mo las utilizamos, los tipos de cookies que utilizamos, es decir, la informaci\u00f3n que recopilamos mediante las cookies y c\u00f3mo se utiliza esa informaci\u00f3n, y c\u00f3mo gestionar la configuraci\u00f3n de las cookies.<\/p><p>Las cookies son peque\u00f1os archivos de texto que se utilizan para almacenar peque\u00f1as piezas de informaci\u00f3n. Se almacenan en su dispositivo cuando se carga el sitio web en su navegador. Estas cookies nos ayudan a que el sitio web funcione correctamente, a que sea m\u00e1s seguro, a ofrecer una mejor experiencia al usuario y a comprender c\u00f3mo funciona el sitio web y analizar qu\u00e9 funciona y qu\u00e9 aspectos deben mejorarse.<br>Traducci\u00f3n realizada con la versi\u00f3n gratuita del traductor DeepL.com  <\/p><\/div><p> <\/p><h5><strong>\u00bfC\u00f3mo usamos las cookies?<\/strong><\/h5><div class=\"cookie-policy-p\"><p>Como la mayor\u00eda de los servicios en l\u00ednea, nuestro sitio web utiliza cookies propias y de terceros para diversos fines. Las cookies de origen son en su mayor\u00eda necesarias para que el sitio web funcione correctamente y no recopilan ning\u00fan dato personal identificable. <\/p><p>Las cookies de terceros utilizadas en nuestro sitio web sirven principalmente para comprender c\u00f3mo funciona el sitio web, c\u00f3mo interact\u00faa usted con nuestro sitio web, mantener nuestros servicios seguros, proporcionar anuncios que sean relevantes para usted y, en definitiva, proporcionarle una experiencia de usuario mejor y m\u00e1s r\u00e1pida y ayudarle a agilizar sus futuras interacciones con nuestro sitio web.<\/p><\/div><div class=\"cky-audit-table-element\"> <\/div><h5><strong>Gestionar preferencias de cookies<\/strong><\/h5><div><p>Puede cambiar sus preferencias de cookies en cualquier momento haciendo clic en el bot\u00f3n de cookies de la parte inferior izquierda. Esto le permitir\u00e1 volver a visitar el banner de consentimiento de cookies y cambiar sus preferencias o retirar su consentimiento de inmediato. <\/p><p>Adem\u00e1s, los distintos navegadores ofrecen diferentes m\u00e9todos para bloquear y eliminar las cookies utilizadas por los sitios web. Puede cambiar la configuraci\u00f3n de su navegador para bloquear\/eliminar las cookies. A continuaci\u00f3n se indican los enlaces a los documentos de ayuda sobre c\u00f3mo gestionar y eliminar las cookies de los principales navegadores web.  <\/p><p>Chrome: <a href=\"https:\/\/support.google.com\/accounts\/answer\/32050\" target=\"_blank\" rel=\"noopener\">https:\/\/support.google.com\/accounts\/answer\/32050<\/a><\/p><p>Safari: <a href=\"https:\/\/support.apple.com\/en-in\/guide\/safari\/sfri11471\/mac\" target=\"_blank\" rel=\"noopener\">https:\/\/support.apple.com\/en-in\/guide\/safari\/sfri11471\/mac<\/a><\/p><p>Firefox: <a href=\"https:\/\/support.mozilla.org\/en-US\/kb\/clear-cookies-and-site-data-firefox?redirectslug=delete-cookies-remove-info-websites-stored&amp;redirectlocale=en-US\" target=\"_blank\" rel=\"noopener\">https:\/\/support.mozilla.org\/en-US\/kb\/clear-cookies-and-site-data-firefox?redirectslug=delete-cookies-remove-info-websites-stored&amp;redirectlocale=en-US<\/a><\/p><p>Internet Explorer: <a href=\"https:\/\/support.microsoft.com\/en-us\/topic\/how-to-delete-cookie-files-in-internet-explorer-bca9446f-d873-78de-77ba-d42645fa52fc\" target=\"_blank\" rel=\"noopener\">https:\/\/support.microsoft.com\/en-us\/topic\/how-to-delete-cookie-files-in-internet-explorer-bca9446f-d873-78de-77ba-d42645fa52fc<\/a><\/p><p>Si utiliza cualquier otro navegador, consulte la documentaci\u00f3n oficial de su navegador.<\/p><\/div>\t\t\t\t\t\t\t\t<\/div>\n\t\t\t\t<\/div>\n\t\t\t\t\t<\/details>\n\t\t\t\t\t<\/div>\n\t\t\t\t\t\t<\/div>\n\t\t\t\t<div class=\"elementor-element elementor-element-3953c7d elementor-widget elementor-widget-text-editor\" data-id=\"3953c7d\" data-element_type=\"widget\" data-e-type=\"widget\" data-widget_type=\"text-editor.default\">\n\t\t\t\t\t\t\t\t\t<p><strong>SEGURIDAD:<\/strong><\/p><p>La seguridad de su informaci\u00f3n es importante para nosotros y utilizaremos medidas de seguridad razonables para evitar la p\u00e9rdida, el uso indebido o la alteraci\u00f3n no autorizada de su informaci\u00f3n bajo nuestro control. Sin embargo, dados los riesgos inherentes, no podemos garantizar una seguridad absoluta y, en consecuencia, no podemos asegurar o garantizar la seguridad de cualquier informaci\u00f3n que nos transmita y usted lo hace bajo su propio riesgo. <\/p><p> <\/p><p><strong>ENLACES DE TERCEROS Y USO DE SU INFORMACI\u00d3N:<\/strong><\/p><p>Nuestro Servicio puede contener enlaces a otros sitios web que no son operados por nosotros. Esta Pol\u00edtica de Privacidad no se refiere a la pol\u00edtica de privacidad y otras pr\u00e1cticas de terceros, incluyendo cualquier tercero que opere cualquier sitio web o servicio que pueda ser accesible a trav\u00e9s de un enlace en el Servicio. Le recomendamos encarecidamente que revise la pol\u00edtica de privacidad de cada sitio que visite. No tenemos ning\u00fan control ni asumimos ninguna responsabilidad por el contenido, las pol\u00edticas de privacidad o las pr\u00e1cticas de los sitios o servicios de terceros.   <\/p><p> <\/p><p><strong>RESPONSABLE DE QUEJAS \/ PROTECCI\u00d3N DE DATOS:<\/strong><\/p><p>Si tiene alguna pregunta o duda sobre el tratamiento de su informaci\u00f3n que est\u00e1 disponible con nosotros, puede enviar un correo electr\u00f3nico a nuestro Oficial de Quejas a Nemocean Memoria SL, Panteon House, Carrer Joan Maria Thom\u00e0s, 2, 1\u00ba 07014, Palma de Mallorca, correo electr\u00f3nico: <a href=\"mailto:info@nemoceans.com\">info@nemoceans.com<\/a>. Abordaremos sus preocupaciones de conformidad con la legislaci\u00f3n aplicable. <\/p>\t\t\t\t\t\t\t\t<\/div>\n\t\t\t\t\t<\/div>\n\t\t\t\t<\/div>\n\t\t\t\t<\/div>\n\t\t","protected":false},"excerpt":{"rendered":"<p>Nuestra Pol\u00edtica de Privacidad comenzar Todo lo que necesita saber \u00daltima actualizaci\u00f3n: 30 de Marzo de 2025Toma efecto desde: 30 de Marzo de 2025 Gracias por visitar nemoceans.com Esta Pol\u00edtica de Privacidad describe las pol\u00edticas de Nemocean Memoria SL, con domicilio en Panteon House, Carrer Joan Maria Thom\u00e0s, 2, 1\u00ba, Illes Balears 07014, Espa\u00f1a, correo [&hellip;]<\/p>\n","protected":false},"author":990012,"featured_media":0,"parent":0,"menu_order":0,"comment_status":"closed","ping_status":"closed","template":"elementor_header_footer","meta":{"footnotes":""},"class_list":["post-9737","page","type-page","status-publish","hentry"],"_links":{"self":[{"href":"https:\/\/nemoceans.com\/es\/index.php\/wp-json\/wp\/v2\/pages\/9737","targetHints":{"allow":["GET"]}}],"collection":[{"href":"https:\/\/nemoceans.com\/es\/index.php\/wp-json\/wp\/v2\/pages"}],"about":[{"href":"https:\/\/nemoceans.com\/es\/index.php\/wp-json\/wp\/v2\/types\/page"}],"author":[{"embeddable":true,"href":"https:\/\/nemoceans.com\/es\/index.php\/wp-json\/wp\/v2\/users\/990012"}],"replies":[{"embeddable":true,"href":"https:\/\/nemoceans.com\/es\/index.php\/wp-json\/wp\/v2\/comments?post=9737"}],"version-history":[{"count":0,"href":"https:\/\/nemoceans.com\/es\/index.php\/wp-json\/wp\/v2\/pages\/9737\/revisions"}],"wp:attachment":[{"href":"https:\/\/nemoceans.com\/es\/index.php\/wp-json\/wp\/v2\/media?parent=9737"}],"curies":[{"name":"wp","href":"https:\/\/api.w.org\/{rel}","templated":true}]}}