{"id":5361,"date":"2026-02-13T14:48:16","date_gmt":"2026-02-13T14:48:16","guid":{"rendered":"https:\/\/nemoceans.com\/?page_id=5361"},"modified":"2026-04-01T13:04:14","modified_gmt":"2026-04-01T13:04:14","slug":"home-test","status":"publish","type":"page","link":"https:\/\/nemoceans.com\/index.php\/home-test\/","title":{"rendered":"home-test"},"content":{"rendered":"\t\t<div data-elementor-type=\"wp-page\" data-elementor-id=\"5361\" class=\"elementor elementor-5361\" data-elementor-post-type=\"page\">\n\t\t\t\t<div class=\"elementor-element elementor-element-6fa7932 e-flex e-con-boxed e-con e-parent\" data-id=\"6fa7932\" data-element_type=\"container\" data-e-type=\"container\" data-settings=\"{&quot;background_background&quot;:&quot;classic&quot;}\">\n\t\t\t\t\t<div class=\"e-con-inner\">\n\t\t<div class=\"elementor-element elementor-element-53e9f89 e-con-full e-flex e-con e-child\" data-id=\"53e9f89\" data-element_type=\"container\" data-e-type=\"container\">\n\t\t\t\t<div class=\"elementor-element elementor-element-75712c8 elementor-widget elementor-widget-heading\" data-id=\"75712c8\" data-element_type=\"widget\" data-e-type=\"widget\" data-widget_type=\"heading.default\">\n\t\t\t\t\t<h2 class=\"elementor-heading-title elementor-size-default\">Die richtige Anbieterwahl<\/h2>\t\t\t\t<\/div>\n\t\t\t\t<div class=\"elementor-element elementor-element-6ff301b elementor-widget__width-initial elementor-widget elementor-widget-heading\" data-id=\"6ff301b\" data-element_type=\"widget\" data-e-type=\"widget\" data-widget_type=\"heading.default\">\n\t\t\t\t\t<h2 class=\"elementor-heading-title elementor-size-default\">Wichtige Punkte bei der Wahl eines Seebestattungsdienstes<\/h2>\t\t\t\t<\/div>\n\t\t\t\t<\/div>\n\t\t\t\t<div class=\"elementor-element elementor-element-38a9ee4 elementor-widget__width-initial elementor-widget elementor-widget-text-editor\" data-id=\"38a9ee4\" data-element_type=\"widget\" data-e-type=\"widget\" data-widget_type=\"text-editor.default\">\n\t\t\t\t\t\t\t\t\t<p>Die Qualit\u00e4t einer Seebestattung h\u00e4ngt von mehr ab als nur F\u00fcrsorge und Sensibilit\u00e4t. Diese drei Kriterien sind entscheidend, und Nemocean erf\u00fcllt sie alle.<\/p>\t\t\t\t\t\t\t\t<\/div>\n\t\t<div class=\"elementor-element elementor-element-e98e525 e-con-full e-flex e-con e-child\" data-id=\"e98e525\" data-element_type=\"container\" data-e-type=\"container\">\n\t\t<div class=\"elementor-element elementor-element-8e071b9 e-con-full e-flex e-con e-child\" data-id=\"8e071b9\" data-element_type=\"container\" data-e-type=\"container\" data-settings=\"{&quot;background_background&quot;:&quot;classic&quot;}\">\n\t\t\t\t<div class=\"elementor-element elementor-element-4029d11 elementor-view-framed elementor-shape-circle elementor-widget elementor-widget-icon\" data-id=\"4029d11\" data-element_type=\"widget\" data-e-type=\"widget\" data-widget_type=\"icon.default\">\n\t\t\t\t\t\t\t<div class=\"elementor-icon-wrapper\">\n\t\t\t<div class=\"elementor-icon\">\n\t\t\t<svg xmlns=\"http:\/\/www.w3.org\/2000\/svg\" id=\"Layer_1\" viewBox=\"0 0 500 500\"><g><path d=\"m386.16 142.798c-.106 0-.212 0-.318-.006-2.108-.088-4.084-1.06-5.444-2.673-6.23-7.384-13.134-14.285-20.515-20.509-1.613-1.36-2.582-3.339-2.673-5.446-.088-2.108.709-4.157 2.202-5.647l17.612-17.612c8.571-8.574 23.512-8.574 32.077 0 4.28 4.281 6.642 9.975 6.642 16.034s-2.358 11.753-6.642 16.039l-17.612 17.612c-1.416 1.418-3.333 2.208-5.329 2.208zm-10.416-29.295c3.727 3.433 7.322 7.025 10.758 10.752l11.939-11.936c1.437-1.437 2.229-3.35 2.229-5.382s-.792-3.94-2.229-5.376c-2.879-2.873-7.881-2.873-10.755 0z\"><\/path><path d=\"m106.939 415.744c-6.059 0-11.753-2.361-16.04-6.648-4.281-4.28-6.642-9.975-6.642-16.034s2.358-11.753 6.642-16.04l17.615-17.612c1.493-1.496 3.539-2.361 5.647-2.202 2.108.088 4.084 1.06 5.444 2.673 6.23 7.384 13.131 14.285 20.515 20.515 1.61 1.36 2.579 3.333 2.67 5.441.088 2.108-.709 4.157-2.202 5.647l-17.612 17.612c-4.281 4.287-9.975 6.648-16.037 6.648zm6.56-40.005-11.939 11.941c-1.437 1.437-2.229 3.351-2.229 5.382s.792 3.939 2.229 5.376c2.879 2.873 7.881 2.873 10.755 0l11.942-11.941c-3.728-3.432-7.32-7.025-10.758-10.758z\"><\/path><path d=\"m265.143 80.134c-.209 0-.418-.006-.627-.023-10.652-.901-18.701-.877-29.023-.006-2.079.183-4.181-.536-5.735-1.954-1.554-1.431-2.438-3.445-2.438-5.553v-24.914c0-12.507 10.175-22.682 22.682-22.682 12.504 0 22.679 10.175 22.679 22.682v24.913c0 2.108-.883 4.122-2.435 5.547-1.396 1.283-3.221 1.99-5.103 1.99zm-15.141-15.757c2.458 0 4.982.059 7.605.177v-16.87c0-4.193-3.412-7.608-7.605-7.608-4.195 0-7.608 3.415-7.608 7.608v16.87c2.603-.118 5.126-.177 7.608-.177z\"><\/path><path d=\"m250.002 474.999c-12.507 0-22.682-10.175-22.682-22.676v-24.92c0-2.108.884-4.122 2.438-5.553 1.555-1.425 3.651-2.138 5.735-1.955 10.496.883 18.512.883 29.015 0 2.108-.177 4.184.536 5.735 1.955 1.555 1.431 2.438 3.444 2.438 5.553v24.92c-.001 12.501-10.176 22.676-22.679 22.676zm-7.608-39.546v16.87c0 4.192 3.412 7.602 7.608 7.602 4.193 0 7.605-3.41 7.605-7.602v-16.87c-5.232.235-9.987.235-15.213 0z\"><\/path><path d=\"m113.843 142.798c-1.996 0-3.913-.789-5.329-2.208l-17.612-17.612c-4.287-4.286-6.645-9.981-6.645-16.039 0-6.059 2.361-11.753 6.645-16.034 8.568-8.574 23.512-8.574 32.076 0l17.609 17.612c1.493 1.49 2.291 3.539 2.202 5.647-.091 2.108-1.06 4.08-2.67 5.441-7.384 6.23-14.285 13.131-20.515 20.515-1.36 1.613-3.336 2.585-5.444 2.673-.105.005-.211.005-.317.005zm-6.904-43.468c-2.032 0-3.939.795-5.376 2.231-1.44 1.437-2.232 3.345-2.232 5.376s.792 3.945 2.232 5.382l11.936 11.941c3.439-3.733 7.03-7.325 10.758-10.758l-11.939-11.941c-1.44-1.436-3.347-2.231-5.379-2.231z\"><\/path><path d=\"m393.061 415.744c-6.059 0-11.753-2.361-16.04-6.648l-17.609-17.612c-1.493-1.49-2.291-3.539-2.202-5.647.091-2.108 1.06-4.087 2.673-5.447 7.372-6.212 14.273-13.113 20.518-20.509 1.36-1.614 3.333-2.585 5.441-2.673 2.099-.112 4.154.707 5.647 2.202l17.609 17.612c4.286 4.287 6.645 9.981 6.645 16.04s-2.361 11.753-6.645 16.034c-4.281 4.287-9.975 6.648-16.037 6.648zm-17.317-29.247 11.939 11.941c2.879 2.873 7.881 2.873 10.755 0 1.44-1.437 2.232-3.344 2.232-5.376s-.792-3.945-2.232-5.382l-11.936-11.941c-3.439 3.733-7.034 7.326-10.758 10.758z\"><\/path><path d=\"m452.321 272.682h-24.917c-2.108 0-4.122-.883-5.55-2.438-1.425-1.548-2.138-3.633-1.961-5.729.444-5.27.659-10.016.659-14.515s-.215-9.245-.659-14.515c-.177-2.096.536-4.181 1.961-5.73 1.428-1.554 3.441-2.438 5.55-2.438h24.917c12.504.001 22.679 10.177 22.679 22.683 0 12.507-10.175 22.682-22.679 22.682zm-16.87-15.074h16.87c4.192 0 7.605-3.415 7.605-7.608s-3.413-7.608-7.605-7.608h-16.87c.118 2.62.177 5.146.177 7.608s-.059 4.988-.177 7.608z\"><\/path><path d=\"m72.598 272.682h-24.916c-12.507 0-22.682-10.175-22.682-22.682s10.175-22.682 22.682-22.682h24.916c2.108 0 4.122.884 5.55 2.438 1.425 1.549 2.137 3.633 1.961 5.73-.445 5.27-.66 10.016-.66 14.515s.215 9.245.66 14.515c.177 2.096-.536 4.181-1.961 5.729-1.428 1.554-3.442 2.437-5.55 2.437zm-24.916-30.289c-4.195 0-7.608 3.415-7.608 7.608s3.412 7.608 7.608 7.608h16.87c-.118-2.62-.177-5.146-.177-7.608 0-2.461.059-4.987.177-7.608z\"><\/path><path d=\"m250.002 435.629c-102.354 0-185.626-83.273-185.626-185.629 0-102.351 83.273-185.623 185.626-185.623s185.626 83.273 185.626 185.623c0 102.357-83.273 185.629-185.626 185.629zm0-356.178c-94.043 0-170.552 76.507-170.552 170.549s76.51 170.555 170.552 170.555 170.552-76.513 170.552-170.555-76.51-170.549-170.552-170.549zm0 296.206c-69.288 0-125.657-56.369-125.657-125.656 0-69.288 56.369-125.657 125.657-125.657s125.656 56.369 125.656 125.656c0 69.288-56.369 125.657-125.656 125.657zm0-236.24c-60.977 0-110.583 49.609-110.583 110.583 0 60.973 49.606 110.582 110.583 110.582 60.976 0 110.582-49.609 110.582-110.582s-49.606-110.583-110.582-110.583z\"><\/path><path d=\"m250.002 375.657c-4.163 0-7.537-3.374-7.537-7.537v-236.24c0-4.163 3.374-7.537 7.537-7.537s7.537 3.374 7.537 7.537v236.24c0 4.163-3.374 7.537-7.537 7.537z\"><\/path><path d=\"m166.479 341.063c-1.928 0-3.857-.736-5.329-2.208-2.945-2.944-2.945-7.714 0-10.658l167.046-167.052c2.944-2.944 7.714-2.944 10.658 0 2.944 2.945 2.944 7.714 0 10.658l-167.046 167.052c-1.473 1.472-3.401 2.208-5.329 2.208z\"><\/path><path d=\"m368.121 257.537h-236.239c-4.163 0-7.537-3.374-7.537-7.537s3.374-7.537 7.537-7.537h236.239c4.163 0 7.537 3.374 7.537 7.537s-3.374 7.537-7.537 7.537z\"><\/path><path d=\"m333.525 341.063c-1.928 0-3.857-.736-5.329-2.208l-167.046-167.052c-2.945-2.944-2.945-7.714 0-10.658 2.944-2.944 7.714-2.944 10.658 0l167.046 167.052c2.944 2.944 2.944 7.714 0 10.658-1.473 1.472-3.401 2.208-5.329 2.208z\"><\/path><path d=\"m250.002 111.148c-4.163 0-7.537-3.374-7.537-7.537v-5.753c0-4.163 3.374-7.537 7.537-7.537s7.537 3.374 7.537 7.537v5.753c0 4.163-3.374 7.537-7.537 7.537z\"><\/path><path d=\"m353.512 154.026c-1.928 0-3.856-.736-5.329-2.208-2.944-2.945-2.944-7.714 0-10.658l4.069-4.069c2.944-2.944 7.714-2.944 10.658 0s2.944 7.714 0 10.658l-4.069 4.069c-1.472 1.472-3.4 2.208-5.329 2.208z\"><\/path><path d=\"m402.144 257.537h-5.753c-4.163 0-7.537-3.374-7.537-7.537s3.374-7.537 7.537-7.537h5.753c4.163 0 7.537 3.374 7.537 7.537s-3.374 7.537-7.537 7.537z\"><\/path><path d=\"m357.584 365.117c-1.928 0-3.857-.736-5.329-2.208l-4.072-4.069c-2.944-2.938-2.944-7.714-.003-10.658 2.944-2.944 7.717-2.944 10.661 0l4.072 4.069c2.944 2.938 2.944 7.714.003 10.658-1.472 1.472-3.403 2.208-5.332 2.208z\"><\/path><path d=\"m250.002 409.68c-4.163 0-7.537-3.374-7.537-7.537v-5.753c0-4.163 3.374-7.537 7.537-7.537s7.537 3.374 7.537 7.537v5.753c0 4.162-3.374 7.537-7.537 7.537z\"><\/path><path d=\"m142.419 365.117c-1.928 0-3.857-.736-5.329-2.208-2.944-2.944-2.944-7.714 0-10.658l4.069-4.069c2.944-2.944 7.714-2.944 10.658 0s2.944 7.714 0 10.658l-4.069 4.069c-1.472 1.472-3.401 2.208-5.329 2.208z\"><\/path><path d=\"m103.612 257.537h-5.753c-4.163 0-7.537-3.374-7.537-7.537s3.374-7.537 7.537-7.537h5.753c4.163 0 7.537 3.374 7.537 7.537s-3.374 7.537-7.537 7.537z\"><\/path><path d=\"m146.488 154.026c-1.928 0-3.857-.736-5.329-2.208l-4.069-4.069c-2.944-2.944-2.944-7.714 0-10.658 2.945-2.944 7.714-2.944 10.658 0l4.069 4.069c2.944 2.944 2.944 7.714 0 10.658-1.472 1.472-3.401 2.208-5.329 2.208z\"><\/path><\/g><\/svg>\t\t\t<\/div>\n\t\t<\/div>\n\t\t\t\t\t\t<\/div>\n\t\t\t\t<div class=\"elementor-element elementor-element-62d259a elementor-widget elementor-widget-heading\" data-id=\"62d259a\" data-element_type=\"widget\" data-e-type=\"widget\" data-widget_type=\"heading.default\">\n\t\t\t\t\t<h3 class=\"elementor-heading-title elementor-size-default\">Charterlizenzierte Schiffe<\/h3>\t\t\t\t<\/div>\n\t\t\t\t<div class=\"elementor-element elementor-element-902a98e paragraphKeyPoints elementor-widget elementor-widget-text-editor\" data-id=\"902a98e\" data-element_type=\"widget\" data-e-type=\"widget\" data-widget_type=\"text-editor.default\">\n\t\t\t\t\t\t\t\t\t<p>Die Yacht muss offiziell f\u00fcr Charter und kommerzielle Event-Kreuzfahrten nach spanischem und balearischem Recht zertifiziert sein. Alle privaten und nicht lizenzierten Schiffe bringen die Zeremonie, die Besatzung und jeden Gast in eine rechtlich angreifbare Situation, die keine Familie bew\u00e4ltigen sollte<\/p>\t\t\t\t\t\t\t\t<\/div>\n\t\t<div class=\"elementor-element elementor-element-f6ed617 e-con-full e-flex e-con e-child\" data-id=\"f6ed617\" data-element_type=\"container\" data-e-type=\"container\">\n\t\t\t\t<div class=\"elementor-element elementor-element-f4954d5 elementor-view-default elementor-widget elementor-widget-icon\" data-id=\"f4954d5\" data-element_type=\"widget\" data-e-type=\"widget\" data-widget_type=\"icon.default\">\n\t\t\t\t\t\t\t<div class=\"elementor-icon-wrapper\">\n\t\t\t<div class=\"elementor-icon\">\n\t\t\t<svg aria-hidden=\"true\" class=\"e-font-icon-svg e-fas-check\" viewBox=\"0 0 512 512\" xmlns=\"http:\/\/www.w3.org\/2000\/svg\"><path d=\"M173.898 439.404l-166.4-166.4c-9.997-9.997-9.997-26.206 0-36.204l36.203-36.204c9.997-9.998 26.207-9.998 36.204 0L192 312.69 432.095 72.596c9.997-9.997 26.207-9.997 36.204 0l36.203 36.204c9.997 9.997 9.997 26.206 0 36.204l-294.4 294.401c-9.998 9.997-26.207 9.997-36.204-.001z\"><\/path><\/svg>\t\t\t<\/div>\n\t\t<\/div>\n\t\t\t\t\t\t<\/div>\n\t\t\t\t<div class=\"elementor-element elementor-element-348bb71 elementor-widget elementor-widget-text-editor\" data-id=\"348bb71\" data-element_type=\"widget\" data-e-type=\"widget\" data-widget_type=\"text-editor.default\">\n\t\t\t\t\t\t\t\t\t<p>Alle Nemocean-Schiffe sind vollst\u00e4ndig charterzertifiziert<\/p>\t\t\t\t\t\t\t\t<\/div>\n\t\t\t\t<\/div>\n\t\t\t\t<\/div>\n\t\t<div class=\"elementor-element elementor-element-113d0a3 e-con-full e-flex e-con e-child\" data-id=\"113d0a3\" data-element_type=\"container\" data-e-type=\"container\" data-settings=\"{&quot;background_background&quot;:&quot;classic&quot;}\">\n\t\t\t\t<div class=\"elementor-element elementor-element-5268a47 elementor-view-framed elementor-shape-circle elementor-widget elementor-widget-icon\" data-id=\"5268a47\" data-element_type=\"widget\" data-e-type=\"widget\" data-widget_type=\"icon.default\">\n\t\t\t\t\t\t\t<div class=\"elementor-icon-wrapper\">\n\t\t\t<div class=\"elementor-icon\">\n\t\t\t<svg xmlns=\"http:\/\/www.w3.org\/2000\/svg\" id=\"Layer_1\" height=\"512\" viewBox=\"0 0 48 48\" width=\"512\" data-name=\"Layer 1\"><path d=\"m24 44.617a2.994 2.994 0 0 1 -1.63-.481l-7.691-4.977a18.927 18.927 0 0 1 -8.679-15.951v-11.431a3 3 0 0 1 2.556-2.967 36.226 36.226 0 0 0 7.107-1.752 36.155 36.155 0 0 0 6.781-3.252 2.955 2.955 0 0 1 3.112 0 36.235 36.235 0 0 0 6.78 3.251 36.254 36.254 0 0 0 7.108 1.753 3 3 0 0 1 2.556 2.967v11.431a18.927 18.927 0 0 1 -8.679 15.951l-7.692 4.977a2.989 2.989 0 0 1 -1.629.481zm0-39.252a.975.975 0 0 0 -.509.145 38.258 38.258 0 0 1 -7.155 3.432 38.358 38.358 0 0 1 -7.5 1.849.989.989 0 0 0 -.836.986v11.431a16.934 16.934 0 0 0 7.765 14.272l7.692 4.978a1 1 0 0 0 1.085 0l7.693-4.978a16.934 16.934 0 0 0 7.765-14.272v-11.431a.989.989 0 0 0 -.835-.986 38.385 38.385 0 0 1 -7.5-1.849 38.28 38.28 0 0 1 -7.156-3.432.975.975 0 0 0 -.509-.145z\"><\/path><path d=\"m22 28a1 1 0 0 1 -.707-.293l-4-4a1 1 0 0 1 1.414-1.414l3.293 3.293 7.293-7.293a1 1 0 0 1 1.414 1.414l-8 8a1 1 0 0 1 -.707.293z\"><\/path><\/svg>\t\t\t<\/div>\n\t\t<\/div>\n\t\t\t\t\t\t<\/div>\n\t\t\t\t<div class=\"elementor-element elementor-element-4c44fbb elementor-widget elementor-widget-heading\" data-id=\"4c44fbb\" data-element_type=\"widget\" data-e-type=\"widget\" data-widget_type=\"heading.default\">\n\t\t\t\t\t<h3 class=\"elementor-heading-title elementor-size-default\">Zertifizierter Anbieter<\/h3>\t\t\t\t<\/div>\n\t\t\t\t<div class=\"elementor-element elementor-element-f55b24a paragraphKeyPoints elementor-widget elementor-widget-text-editor\" data-id=\"f55b24a\" data-element_type=\"widget\" data-e-type=\"widget\" data-widget_type=\"text-editor.default\">\n\t\t\t\t\t\t\t\t\t<p>Ihr Anbieter muss alle offiziellen Genehmigungen f\u00fcr Seebestattungsdienste besitzen. Ohne diese k\u00f6nnen Familien rechtlich f\u00fcr Unf\u00e4lle, Verletzungen oder Umweltsch\u00e4den haftbar gemacht werden, mit Konsequenzen von hohen Geldstrafen bis hin zu strafrechtlicher Verantwortung.<\/p>\t\t\t\t\t\t\t\t<\/div>\n\t\t<div class=\"elementor-element elementor-element-f4c2c6e e-con-full e-flex e-con e-child\" data-id=\"f4c2c6e\" data-element_type=\"container\" data-e-type=\"container\">\n\t\t\t\t<div class=\"elementor-element elementor-element-d50ee3a elementor-view-default elementor-widget elementor-widget-icon\" data-id=\"d50ee3a\" data-element_type=\"widget\" data-e-type=\"widget\" data-widget_type=\"icon.default\">\n\t\t\t\t\t\t\t<div class=\"elementor-icon-wrapper\">\n\t\t\t<div class=\"elementor-icon\">\n\t\t\t<svg aria-hidden=\"true\" class=\"e-font-icon-svg e-fas-check\" viewBox=\"0 0 512 512\" xmlns=\"http:\/\/www.w3.org\/2000\/svg\"><path d=\"M173.898 439.404l-166.4-166.4c-9.997-9.997-9.997-26.206 0-36.204l36.203-36.204c9.997-9.998 26.207-9.998 36.204 0L192 312.69 432.095 72.596c9.997-9.997 26.207-9.997 36.204 0l36.203 36.204c9.997 9.997 9.997 26.206 0 36.204l-294.4 294.401c-9.998 9.997-26.207 9.997-36.204-.001z\"><\/path><\/svg>\t\t\t<\/div>\n\t\t<\/div>\n\t\t\t\t\t\t<\/div>\n\t\t\t\t<div class=\"elementor-element elementor-element-15c155b elementor-widget elementor-widget-text-editor\" data-id=\"15c155b\" data-element_type=\"widget\" data-e-type=\"widget\" data-widget_type=\"text-editor.default\">\n\t\t\t\t\t\t\t\t\t<p>Nemocean besitzt die volle Genehmigung der spanischen Regierung<\/p>\t\t\t\t\t\t\t\t<\/div>\n\t\t\t\t<\/div>\n\t\t\t\t<\/div>\n\t\t<div class=\"elementor-element elementor-element-927b4c6 e-con-full e-flex e-con e-child\" data-id=\"927b4c6\" data-element_type=\"container\" data-e-type=\"container\" data-settings=\"{&quot;background_background&quot;:&quot;classic&quot;}\">\n\t\t\t\t<div class=\"elementor-element elementor-element-a3b759f elementor-view-framed elementor-shape-circle elementor-widget elementor-widget-icon\" data-id=\"a3b759f\" data-element_type=\"widget\" data-e-type=\"widget\" data-widget_type=\"icon.default\">\n\t\t\t\t\t\t\t<div class=\"elementor-icon-wrapper\">\n\t\t\t<div class=\"elementor-icon\">\n\t\t\t<svg xmlns=\"http:\/\/www.w3.org\/2000\/svg\" id=\"Earth\" height=\"512\" viewBox=\"0 0 64 64\" width=\"512\"><path d=\"m63.88079 38.23468c-.84834-2.17723-4.40738-4.24875-8.65137-5.03697-3.05445-.56959-10.80943-1.17636-16.80529 5.39745-4.03249 4.42178-4.99132 10.26145-2.33104 14.20025.0365.05414.08216.10096.11969.15436-5.04979 2.49133-10.92192 3.12324-16.47618 1.62143 2.89624-2.08616 3.76033-4.23007 3.93215-5.78668.26319-2.38152-.93361-4.30887-2.03904-5.23644-1.3085-1.09823-2.99793-1.21603-4.35452-1.30972-1.43826-.09858-2.14604-.19947-2.41399-.69691-.2367-.43501-.18744-.62483.19104-1.48276.49867-1.12948 1.25204-2.83575.3028-5.7652-.36646-1.13186-.02643-1.64731.53712-2.50164.57197-.86635 1.3566-2.05229.98049-3.8691-.19464-.94204-.82906-2.22893-2.74078-3.00995-2.80542-1.14736-7.16739-.6855-10.84758.95595.57484-2.10228 1.4454-4.13705 2.6145-6.04847 4.59354-7.53733 12.80514-11.54797 21.05745-11.17382-.34589 1.49289.29279 3.03681.80269 4.26858.40015.96969.81587 1.97178.68489 2.6651-.12854.67647-.89638 1.25082-1.70981 1.85886-1.13192.84829-2.54131 1.90208-2.56414 3.72725-.01202.94326.26673 1.70988.82668 2.27941 1.06576 1.08144 2.80566 1.08504 4.48789 1.08865.93361.00238 1.89848.00482 2.68432.18622.73537.16101 1.24484.8207 1.83842 1.58371.69447.89394 1.4827 1.9069 2.81408 2.09672.25471.03607.49507.05286.72096.05286 2.01622 0 2.93903-1.35177 3.69362-2.46081.43494-.63923.88674-1.30014 1.56686-1.81919 0-.00122 0-.00122 0-.00122.49507-.37971 1.41061-.57075 2.29503-.75575.74757-.15644 1.5452-.32923 2.24907-.64863.79878 1.86204 1.36599 3.83779 1.66288 5.89221.09998.67.71999 1.14004 1.39005 1.04006.66999-.10004 1.13998-.72005 1.04-1.39005-1.1-7.65019-5.52013-14.35034-12.11024-18.37038-12.18025-7.43014-28.11064-3.57007-35.54079 8.60017-3.59005 5.89014-4.6801 12.83029-3.05006 19.54039 1.62003 6.71016 5.76013 12.39028 11.65027 15.99039 4.2001 2.55004 8.84015 3.77003 13.43028 3.77003 4.20785 0 8.37024-1.03334 12.09608-2.99158 2.04527 1.78446 4.75383 2.81952 7.48765 2.81952.47822 0 .95644-.03125 1.43228-.09613 2.88855-.39411 8.18035-2.38152 11.17223-11.2948 1.35781-4.04214 3.43171-5.15959 4.54679-5.758.59596-.31957 1.8336-.98767 1.32657-2.28537zm-19.28776-17.22699c-1.09823.23072-2.34545.49141-3.2851 1.20999-.99489.76057-1.61008 1.66416-2.10515 2.38994-.80989 1.19076-1.06221 1.49954-2.0355 1.35653-.34602-.04926-.78822-.61879-1.21597-1.17031-.73537-.94564-1.65097-2.12437-3.24183-2.47405-1.04299-.2403-2.14964-.24268-3.21906-.24634-1.01174-.00238-2.39593-.00476-2.74078-.35444-.10212-.10456-.12134-.34126-.11896-.5215.0072-.57191.60078-1.05618 1.57767-1.78794 1.04659-.78224 2.34789-1.75547 2.65307-3.37281.26673-1.41306-.31598-2.82129-.82906-4.06252-.64241-1.5521-.91665-2.40142-.54884-3.07355 2.94861.45893 5.85571 1.48984 8.55591 3.13941 3.47993 2.12175 6.28389 5.06963 8.22112 8.52691-.45162.18604-1.10324.32355-1.66752.44068zm-41.905 7.916c3.5555-2.17369 8.22118-2.67352 10.51261-1.7327.73055.29798 1.15469.71132 1.26162 1.22921.16224.78102-.08771 1.20517-.62361 2.01628-.65602.99489-1.556 2.35747-.82424 4.61643.65962 2.0355.23548 2.99433-.21271 4.01089-.41694.94442-.93483 2.11717-.10572 3.65035.94204 1.7399 2.86572 1.87211 4.40976 1.98021 1.15591.07935 2.24693.15381 2.94269.73781.51423.43256 1.34213 1.56924 1.17513 3.08326-.19703 1.78269-1.73685 3.51484-4.46439 5.02861-1.04903-.44355-2.07963-.96279-3.08027-1.57309-5.34008-3.26008-9.08021-8.39019-10.55021-14.47028-.67537-2.78882-.82735-5.62103-.48487-8.38598.01735-.06374.0262-.12722.04421-.191zm52.98836 16.57091c-1.90568 5.67144-5.16198 9.09357-9.17042 9.63906-2.42785.32642-4.99425-.4889-6.86044-2.05363 2.21025-4.32327 4.93589-7.67802 8.1245-9.9501.55268-.39411.68245-1.16311.28834-1.71586-.39412-.55275-1.16311-.68007-1.71586-.28839-3.28974 2.34435-6.11597 5.68255-8.42437 9.93618-1.69614-2.96033-.76436-7.4235 2.3228-10.80852 3.67922-4.0325 8.1491-4.92405 11.37414-4.92405 1.30246 0 2.40313.14661 3.16492.28839 3.1073.57673 5.39751 1.8624 6.35878 2.86932-1.38424.75942-3.89552 2.33831-5.46239 7.0076z\"><\/path><\/svg>\t\t\t<\/div>\n\t\t<\/div>\n\t\t\t\t\t\t<\/div>\n\t\t\t\t<div class=\"elementor-element elementor-element-e10b4f0 elementor-widget elementor-widget-heading\" data-id=\"e10b4f0\" data-element_type=\"widget\" data-e-type=\"widget\" data-widget_type=\"heading.default\">\n\t\t\t\t\t<h3 class=\"elementor-heading-title elementor-size-default\">Echte Umweltverantwortung<\/h3>\t\t\t\t<\/div>\n\t\t\t\t<div class=\"elementor-element elementor-element-38f439b elementor-widget elementor-widget-text-editor\" data-id=\"38f439b\" data-element_type=\"widget\" data-e-type=\"widget\" data-widget_type=\"text-editor.default\">\n\t\t\t\t\t\t\t\t\t<p>Anbieter m\u00fcssen Zeremonien nur in genehmigten Zonen durchf\u00fchren, vollst\u00e4ndig biologisch abbaubare Materialien verwenden und nichts Schadhaftes in die Meeresumwelt einbringen. Das bedeutet: nur Bl\u00fctenbl\u00e4tter verstreuen, keine Stiele, Draht oder Materialien, die Seegras und Biodiversit\u00e4t sch\u00e4digen<\/p>\t\t\t\t\t\t\t\t<\/div>\n\t\t<div class=\"elementor-element elementor-element-d03b5a4 e-con-full e-flex e-con e-child\" data-id=\"d03b5a4\" data-element_type=\"container\" data-e-type=\"container\">\n\t\t\t\t<div class=\"elementor-element elementor-element-f9bdf74 elementor-view-default elementor-widget elementor-widget-icon\" data-id=\"f9bdf74\" data-element_type=\"widget\" data-e-type=\"widget\" data-widget_type=\"icon.default\">\n\t\t\t\t\t\t\t<div class=\"elementor-icon-wrapper\">\n\t\t\t<div class=\"elementor-icon\">\n\t\t\t<svg aria-hidden=\"true\" class=\"e-font-icon-svg e-fas-check\" viewBox=\"0 0 512 512\" xmlns=\"http:\/\/www.w3.org\/2000\/svg\"><path d=\"M173.898 439.404l-166.4-166.4c-9.997-9.997-9.997-26.206 0-36.204l36.203-36.204c9.997-9.998 26.207-9.998 36.204 0L192 312.69 432.095 72.596c9.997-9.997 26.207-9.997 36.204 0l36.203 36.204c9.997 9.997 9.997 26.206 0 36.204l-294.4 294.401c-9.998 9.997-26.207 9.997-36.204-.001z\"><\/path><\/svg>\t\t\t<\/div>\n\t\t<\/div>\n\t\t\t\t\t\t<\/div>\n\t\t\t\t<div class=\"elementor-element elementor-element-0244cde elementor-widget elementor-widget-text-editor\" data-id=\"0244cde\" data-element_type=\"widget\" data-e-type=\"widget\" data-widget_type=\"text-editor.default\">\n\t\t\t\t\t\t\t\t\t<p>100 % biologisch abbaubare Materialien \u00b7 Nur genehmigte Zonen<\/p>\t\t\t\t\t\t\t\t<\/div>\n\t\t\t\t<\/div>\n\t\t\t\t<\/div>\n\t\t\t\t<\/div>\n\t\t\t\t\t<\/div>\n\t\t\t\t<\/div>\n\t\t<div class=\"elementor-element elementor-element-1f9c609 e-flex e-con-boxed e-con e-parent\" data-id=\"1f9c609\" data-element_type=\"container\" data-e-type=\"container\" data-settings=\"{&quot;background_background&quot;:&quot;classic&quot;}\">\n\t\t\t\t\t<div class=\"e-con-inner\">\n\t\t\t\t<div class=\"elementor-element elementor-element-55e662e elementor-widget elementor-widget-text-editor\" data-id=\"55e662e\" data-element_type=\"widget\" data-e-type=\"widget\" data-widget_type=\"text-editor.default\">\n\t\t\t\t\t\t\t\t\t<p>Nemocean erf\u00fcllt jeden dieser Standards \u2014 so kann sich Ihre Familie vollst\u00e4ndig auf den Abschied konzentrieren, ohne rechtliche oder \u00f6kologische Risiken.<\/p>\t\t\t\t\t\t\t\t<\/div>\n\t\t\t\t<div class=\"elementor-element elementor-element-c467967 elementor-widget elementor-widget-button\" data-id=\"c467967\" data-element_type=\"widget\" data-e-type=\"widget\" data-widget_type=\"button.default\">\n\t\t\t\t\t\t\t\t\t\t<a class=\"elementor-button elementor-button-link elementor-size-sm\" href=\"#guidedByValues\">\n\t\t\t\t\t\t<span class=\"elementor-button-content-wrapper\">\n\t\t\t\t\t\t\t\t\t<span class=\"elementor-button-text\">MEHR \u00dcBER NEMOCEAN ERFAHREN<\/span>\n\t\t\t\t\t<\/span>\n\t\t\t\t\t<\/a>\n\t\t\t\t\t\t\t\t<\/div>\n\t\t\t\t\t<\/div>\n\t\t\t\t<\/div>\n\t\t\t\t<\/div>\n\t\t","protected":false},"excerpt":{"rendered":"<p>Die richtige Anbieterwahl Wichtige Punkte bei der Wahl eines Seebestattungsdienstes Die Qualit\u00e4t einer Seebestattung h\u00e4ngt von mehr ab als nur F\u00fcrsorge und Sensibilit\u00e4t. Diese drei Kriterien sind entscheidend, und Nemocean erf\u00fcllt sie alle. Charterlizenzierte Schiffe Die Yacht muss offiziell f\u00fcr Charter und kommerzielle Event-Kreuzfahrten nach spanischem und balearischem Recht zertifiziert sein. Alle privaten und nicht [&hellip;]<\/p>\n","protected":false},"author":990012,"featured_media":0,"parent":0,"menu_order":0,"comment_status":"closed","ping_status":"closed","template":"","meta":{"footnotes":""},"class_list":["post-5361","page","type-page","status-publish","hentry"],"_links":{"self":[{"href":"https:\/\/nemoceans.com\/index.php\/wp-json\/wp\/v2\/pages\/5361","targetHints":{"allow":["GET"]}}],"collection":[{"href":"https:\/\/nemoceans.com\/index.php\/wp-json\/wp\/v2\/pages"}],"about":[{"href":"https:\/\/nemoceans.com\/index.php\/wp-json\/wp\/v2\/types\/page"}],"author":[{"embeddable":true,"href":"https:\/\/nemoceans.com\/index.php\/wp-json\/wp\/v2\/users\/990012"}],"replies":[{"embeddable":true,"href":"https:\/\/nemoceans.com\/index.php\/wp-json\/wp\/v2\/comments?post=5361"}],"version-history":[{"count":0,"href":"https:\/\/nemoceans.com\/index.php\/wp-json\/wp\/v2\/pages\/5361\/revisions"}],"wp:attachment":[{"href":"https:\/\/nemoceans.com\/index.php\/wp-json\/wp\/v2\/media?parent=5361"}],"curies":[{"name":"wp","href":"https:\/\/api.w.org\/{rel}","templated":true}]}}